{"id":1433,"date":"2021-01-11T14:49:33","date_gmt":"2021-01-11T13:49:33","guid":{"rendered":"https:\/\/evenement.lycee-charles-jully.fr\/?page_id=1433"},"modified":"2021-03-21T19:14:10","modified_gmt":"2021-03-21T18:14:10","slug":"plaquette_dcg","status":"publish","type":"page","link":"https:\/\/evenement.lycee-charles-jully.fr\/index.php\/plaquette_dcg\/","title":{"rendered":"plaquette_dcg"},"content":{"rendered":"\t\t<div data-elementor-type=\"wp-page\" data-elementor-id=\"1433\" class=\"elementor elementor-1433\" data-elementor-settings=\"[]\">\n\t\t\t\t\t\t<div class=\"elementor-inner\">\n\t\t\t\t\t\t\t<div class=\"elementor-section-wrap\">\n\t\t\t\t\t\t\t<section class=\"elementor-section elementor-top-section elementor-element elementor-element-4e08839 elementor-section-boxed elementor-section-height-default elementor-section-height-default\" data-id=\"4e08839\" data-element_type=\"section\">\n\t\t\t\t\t\t<div class=\"elementor-container elementor-column-gap-default\">\n\t\t\t\t\t\t\t<div class=\"elementor-row\">\n\t\t\t\t\t<div class=\"elementor-column elementor-col-100 elementor-top-column elementor-element elementor-element-08e2ef0\" data-id=\"08e2ef0\" data-element_type=\"column\">\n\t\t\t<div class=\"elementor-column-wrap elementor-element-populated\">\n\t\t\t\t\t\t\t<div class=\"elementor-widget-wrap\">\n\t\t\t\t\t\t<div class=\"elementor-element elementor-element-e8c3cf4 elementor-widget elementor-widget-heading\" data-id=\"e8c3cf4\" data-element_type=\"widget\" data-widget_type=\"heading.default\">\n\t\t\t\t<div class=\"elementor-widget-container\">\n\t\t\t<h2 class=\"elementor-heading-title elementor-size-default\">Lyc\u00e9e R.Schuman:                                                Dipl\u00f4me de comptabilit\u00e9 et gestion<\/h2>\t\t<\/div>\n\t\t\t\t<\/div>\n\t\t\t\t\t\t<\/div>\n\t\t\t\t\t<\/div>\n\t\t<\/div>\n\t\t\t\t\t\t\t\t<\/div>\n\t\t\t\t\t<\/div>\n\t\t<\/section>\n\t\t\t\t<section class=\"elementor-section elementor-top-section elementor-element elementor-element-9988f25 elementor-section-boxed elementor-section-height-default elementor-section-height-default\" data-id=\"9988f25\" data-element_type=\"section\">\n\t\t\t\t\t\t<div class=\"elementor-container elementor-column-gap-default\">\n\t\t\t\t\t\t\t<div class=\"elementor-row\">\n\t\t\t\t\t<div class=\"elementor-column elementor-col-100 elementor-top-column elementor-element elementor-element-748dea5\" data-id=\"748dea5\" data-element_type=\"column\">\n\t\t\t<div class=\"elementor-column-wrap elementor-element-populated\">\n\t\t\t\t\t\t\t<div class=\"elementor-widget-wrap\">\n\t\t\t\t\t\t<div class=\"elementor-element elementor-element-8aee7e0 elementor-arrows-position-outside elementor-widget elementor-widget-image-carousel\" data-id=\"8aee7e0\" data-element_type=\"widget\" data-settings=\"{&quot;slides_to_show&quot;:&quot;1&quot;,&quot;navigation&quot;:&quot;arrows&quot;,&quot;autoplay&quot;:&quot;yes&quot;,&quot;pause_on_hover&quot;:&quot;yes&quot;,&quot;pause_on_interaction&quot;:&quot;yes&quot;,&quot;autoplay_speed&quot;:5000,&quot;infinite&quot;:&quot;yes&quot;,&quot;effect&quot;:&quot;slide&quot;,&quot;speed&quot;:500}\" data-widget_type=\"image-carousel.default\">\n\t\t\t\t<div class=\"elementor-widget-container\">\n\t\t\t\t\t<div class=\"elementor-image-carousel-wrapper swiper-container\" dir=\"ltr\">\n\t\t\t<div class=\"elementor-image-carousel swiper-wrapper\">\n\t\t\t\t<div class=\"swiper-slide\"><figure class=\"swiper-slide-inner\"><img class=\"swiper-slide-image\" src=\"https:\/\/evenement.lycee-charles-jully.fr\/wp-content\/uploads\/2021\/01\/Diapositive1.png\" alt=\"1\/15\" \/><figcaption class=\"elementor-image-carousel-caption\">1\/15<\/figcaption><\/figure><\/div><div class=\"swiper-slide\"><figure class=\"swiper-slide-inner\"><img class=\"swiper-slide-image\" src=\"https:\/\/evenement.lycee-charles-jully.fr\/wp-content\/uploads\/2021\/01\/Diapositive2.png\" alt=\"2\/15\" \/><figcaption class=\"elementor-image-carousel-caption\">2\/15<\/figcaption><\/figure><\/div><div class=\"swiper-slide\"><figure class=\"swiper-slide-inner\"><img class=\"swiper-slide-image\" src=\"https:\/\/evenement.lycee-charles-jully.fr\/wp-content\/uploads\/2021\/01\/Diapositive3.png\" alt=\"3\/15\" \/><figcaption class=\"elementor-image-carousel-caption\">3\/15<\/figcaption><\/figure><\/div><div class=\"swiper-slide\"><figure class=\"swiper-slide-inner\"><img class=\"swiper-slide-image\" src=\"https:\/\/evenement.lycee-charles-jully.fr\/wp-content\/uploads\/2021\/01\/Diapositive4.png\" alt=\"4\/15\" \/><figcaption class=\"elementor-image-carousel-caption\">4\/15<\/figcaption><\/figure><\/div><div class=\"swiper-slide\"><figure class=\"swiper-slide-inner\"><img class=\"swiper-slide-image\" src=\"https:\/\/evenement.lycee-charles-jully.fr\/wp-content\/uploads\/2021\/01\/Diapositive5.png\" alt=\"5\/15\" \/><figcaption class=\"elementor-image-carousel-caption\">5\/15<\/figcaption><\/figure><\/div><div class=\"swiper-slide\"><figure class=\"swiper-slide-inner\"><img class=\"swiper-slide-image\" src=\"https:\/\/evenement.lycee-charles-jully.fr\/wp-content\/uploads\/2021\/01\/Diapositive6.png\" alt=\"6\/15\" \/><figcaption class=\"elementor-image-carousel-caption\">6\/15<\/figcaption><\/figure><\/div><div class=\"swiper-slide\"><figure class=\"swiper-slide-inner\"><img class=\"swiper-slide-image\" src=\"https:\/\/evenement.lycee-charles-jully.fr\/wp-content\/uploads\/2021\/01\/Diapositive7.png\" alt=\"7\/15\" \/><figcaption class=\"elementor-image-carousel-caption\">7\/15<\/figcaption><\/figure><\/div><div class=\"swiper-slide\"><figure class=\"swiper-slide-inner\"><img class=\"swiper-slide-image\" src=\"https:\/\/evenement.lycee-charles-jully.fr\/wp-content\/uploads\/2021\/01\/Diapositive8.png\" alt=\"8\/15\" \/><figcaption class=\"elementor-image-carousel-caption\">8\/15<\/figcaption><\/figure><\/div><div class=\"swiper-slide\"><figure class=\"swiper-slide-inner\"><img class=\"swiper-slide-image\" src=\"https:\/\/evenement.lycee-charles-jully.fr\/wp-content\/uploads\/2021\/01\/Diapositive9.png\" alt=\"9\/15\" \/><figcaption class=\"elementor-image-carousel-caption\">9\/15<\/figcaption><\/figure><\/div><div class=\"swiper-slide\"><figure class=\"swiper-slide-inner\"><img class=\"swiper-slide-image\" src=\"https:\/\/evenement.lycee-charles-jully.fr\/wp-content\/uploads\/2021\/01\/Diapositive10.png\" alt=\"10\/15\" \/><figcaption class=\"elementor-image-carousel-caption\">10\/15<\/figcaption><\/figure><\/div><div class=\"swiper-slide\"><figure class=\"swiper-slide-inner\"><img class=\"swiper-slide-image\" src=\"https:\/\/evenement.lycee-charles-jully.fr\/wp-content\/uploads\/2021\/01\/Diapositive11.png\" alt=\"11\/15\" \/><figcaption class=\"elementor-image-carousel-caption\">11\/15<\/figcaption><\/figure><\/div><div class=\"swiper-slide\"><figure class=\"swiper-slide-inner\"><img class=\"swiper-slide-image\" src=\"https:\/\/evenement.lycee-charles-jully.fr\/wp-content\/uploads\/2021\/01\/Diapositive12.png\" alt=\"12\/15\" \/><figcaption class=\"elementor-image-carousel-caption\">12\/15<\/figcaption><\/figure><\/div><div class=\"swiper-slide\"><figure class=\"swiper-slide-inner\"><img class=\"swiper-slide-image\" src=\"https:\/\/evenement.lycee-charles-jully.fr\/wp-content\/uploads\/2021\/01\/Diapositive13.png\" alt=\"13\/15\" \/><figcaption class=\"elementor-image-carousel-caption\">13\/15<\/figcaption><\/figure><\/div><div class=\"swiper-slide\"><figure class=\"swiper-slide-inner\"><img class=\"swiper-slide-image\" src=\"https:\/\/evenement.lycee-charles-jully.fr\/wp-content\/uploads\/2021\/01\/Diapositive14.png\" alt=\"14\/15\" \/><figcaption class=\"elementor-image-carousel-caption\">14\/15<\/figcaption><\/figure><\/div><div class=\"swiper-slide\"><figure class=\"swiper-slide-inner\"><img class=\"swiper-slide-image\" src=\"https:\/\/evenement.lycee-charles-jully.fr\/wp-content\/uploads\/2021\/01\/Diapositive15.png\" alt=\"15\/15\" \/><figcaption class=\"elementor-image-carousel-caption\">15\/15<\/figcaption><\/figure><\/div>\t\t\t<\/div>\n\t\t\t\t\t\t\t\t\t\t\t\t\t\t\t\t<div class=\"elementor-swiper-button elementor-swiper-button-prev\">\n\t\t\t\t\t\t<i class=\"eicon-chevron-left\" aria-hidden=\"true\"><\/i>\n\t\t\t\t\t\t<span class=\"elementor-screen-only\">Pr\u00e9c\u00e9dent<\/span>\n\t\t\t\t\t<\/div>\n\t\t\t\t\t<div class=\"elementor-swiper-button elementor-swiper-button-next\">\n\t\t\t\t\t\t<i class=\"eicon-chevron-right\" aria-hidden=\"true\"><\/i>\n\t\t\t\t\t\t<span class=\"elementor-screen-only\">Suivant<\/span>\n\t\t\t\t\t<\/div>\n\t\t\t\t\t\t\t\t\t<\/div>\n\t\t\t\t<\/div>\n\t\t\t\t<\/div>\n\t\t\t\t\t\t<\/div>\n\t\t\t\t\t<\/div>\n\t\t<\/div>\n\t\t\t\t\t\t\t\t<\/div>\n\t\t\t\t\t<\/div>\n\t\t<\/section>\n\t\t\t\t<section class=\"elementor-section elementor-top-section elementor-element elementor-element-dc8da07 elementor-section-boxed elementor-section-height-default elementor-section-height-default\" data-id=\"dc8da07\" data-element_type=\"section\">\n\t\t\t\t\t\t<div class=\"elementor-container elementor-column-gap-default\">\n\t\t\t\t\t\t\t<div class=\"elementor-row\">\n\t\t\t\t\t<div class=\"elementor-column elementor-col-100 elementor-top-column elementor-element elementor-element-573e9c4\" data-id=\"573e9c4\" data-element_type=\"column\">\n\t\t\t<div class=\"elementor-column-wrap elementor-element-populated\">\n\t\t\t\t\t\t\t<div class=\"elementor-widget-wrap\">\n\t\t\t\t\t\t<div class=\"elementor-element elementor-element-2b87264 elementor-widget elementor-widget-heading\" data-id=\"2b87264\" data-element_type=\"widget\" data-widget_type=\"heading.default\">\n\t\t\t\t<div class=\"elementor-widget-container\">\n\t\t\t<h2 class=\"elementor-heading-title elementor-size-default\">horaires visioconf\u00e9rences et liens utiles :<\/h2>\t\t<\/div>\n\t\t\t\t<\/div>\n\t\t\t\t\t\t<\/div>\n\t\t\t\t\t<\/div>\n\t\t<\/div>\n\t\t\t\t\t\t\t\t<\/div>\n\t\t\t\t\t<\/div>\n\t\t<\/section>\n\t\t\t\t<section class=\"elementor-section elementor-top-section elementor-element elementor-element-db7b606 elementor-section-boxed elementor-section-height-default elementor-section-height-default\" data-id=\"db7b606\" data-element_type=\"section\">\n\t\t\t\t\t\t<div class=\"elementor-container elementor-column-gap-default\">\n\t\t\t\t\t\t\t<div class=\"elementor-row\">\n\t\t\t\t\t<div class=\"elementor-column elementor-col-100 elementor-top-column elementor-element elementor-element-9d9a383\" data-id=\"9d9a383\" data-element_type=\"column\">\n\t\t\t<div class=\"elementor-column-wrap elementor-element-populated\">\n\t\t\t\t\t\t\t<div class=\"elementor-widget-wrap\">\n\t\t\t\t\t\t<div class=\"elementor-element elementor-element-75c7611 elementor-widget elementor-widget-html\" data-id=\"75c7611\" data-element_type=\"widget\" data-widget_type=\"html.default\">\n\t\t\t\t<div class=\"elementor-widget-container\">\n\t\t\t<html>\r\n\r\n<head>\r\n<meta http-equiv=Content-Type content=\"text\/html; charset=utf-8\">\r\n<meta name=Generator content=\"Microsoft Word 15 (filtered)\">\r\n<style>\r\n<!--\r\n \/* Font Definitions *\/\r\n @font-face\r\n\t{font-family:\"Cambria Math\";\r\n\tpanose-1:2 4 5 3 5 4 6 3 2 4;}\r\n@font-face\r\n\t{font-family:Calibri;\r\n\tpanose-1:2 15 5 2 2 2 4 3 2 4;}\r\n@font-face\r\n\t{font-family:\"Arial Narrow\";\r\n\tpanose-1:2 11 6 6 2 2 2 3 2 4;}\r\n@font-face\r\n\t{font-family:\"Segoe UI\";\r\n\tpanose-1:2 11 5 2 4 2 4 2 2 3;}\r\n \/* Style Definitions *\/\r\n p.MsoNormal, li.MsoNormal, div.MsoNormal\r\n\t{margin:0cm;\r\n\tfont-size:12.0pt;\r\n\tfont-family:\"Calibri\",sans-serif;}\r\n.MsoChpDefault\r\n\t{font-family:\"Calibri\",sans-serif;}\r\n@page WordSection1\r\n\t{size:595.0pt 842.0pt;\r\n\tmargin:70.85pt 70.85pt 70.85pt 70.85pt;}\r\ndiv.WordSection1\r\n\t{page:WordSection1;}\r\n-->\r\n<\/style>\r\n\r\n<\/head>\r\n\r\n<body lang=FR style='word-wrap:break-word'>\r\n\r\n<div class=WordSection1>\r\n\r\n<table class=MsoNormalTable border=1 cellspacing=0 cellpadding=0 width=1181\r\n style='width:885.45pt;border-collapse:collapse'>\r\n <tr>\r\n  <td width=255 style='width:190.9pt;border:solid windowtext 1.0pt;padding:\r\n  0cm 0cm 0cm 0cm'>\r\n  <p class=MsoNormal style='vertical-align:baseline'><b><span style='font-size:\r\n  10.5pt;font-family:\"Arial Narrow\",sans-serif'>Lyc\u00e9e Robert Schuman \u2013&nbsp;<\/span><\/b><span\r\n  style='font-size:10.5pt;font-family:\"Arial Narrow\",sans-serif'>&nbsp;<\/span><\/p>\r\n  <p class=MsoNormal style='vertical-align:baseline'><b><span style='font-size:\r\n  10.5pt;font-family:\"Arial Narrow\",sans-serif'>Metz&nbsp;&nbsp;&nbsp;&nbsp;&nbsp;&nbsp;&nbsp;&nbsp;&nbsp;&nbsp;&nbsp;&nbsp;&nbsp;&nbsp;&nbsp;&nbsp;&nbsp;&nbsp;&nbsp;&nbsp;&nbsp;&nbsp;&nbsp;&nbsp;&nbsp;&nbsp;&nbsp;&nbsp;&nbsp;<\/span><\/b><span\r\n  style='font-size:10.5pt;font-family:\"Arial Narrow\",sans-serif'>&nbsp;<\/span><\/p>\r\n  <p class=MsoNormal style='vertical-align:baseline'><b><span style='font-size:\r\n  10.5pt;font-family:\"Arial Narrow\",sans-serif'>Dipl\u00f4me de Comptabilit\u00e9 et\r\n  Gestion (DCG)<\/span><\/b><span style='font-size:10.5pt;font-family:\"Arial Narrow\",sans-serif'>&nbsp;<\/span><\/p>\r\n  <\/td>\r\n  <td width=113 style='width:3.0cm;border:solid windowtext 1.0pt;border-left:\r\n  none;padding:0cm 0cm 0cm 0cm'>\r\n  <p class=MsoNormal align=center style='text-align:center;vertical-align:baseline'><b><span\r\n  style='font-size:10.5pt;font-family:\"Arial Narrow\",sans-serif'>Caroline HORNY<\/span><\/b><span\r\n  style='font-size:10.5pt;font-family:\"Arial Narrow\",sans-serif'>&nbsp;<\/span><\/p>\r\n  <p class=MsoNormal align=center style='text-align:center;vertical-align:baseline'><b><span\r\n  style='font-size:10.5pt;font-family:\"Arial Narrow\",sans-serif'>Professeur<\/span><\/b><span\r\n  style='font-size:10.5pt;font-family:\"Arial Narrow\",sans-serif'>&nbsp;<\/span><\/p>\r\n  <\/td>\r\n  <td width=94 valign=top style='width:70.85pt;border:solid windowtext 1.0pt;\r\n  border-left:none;padding:0cm 0cm 0cm 0cm'>\r\n  <p class=MsoNormal align=center style='text-align:center;vertical-align:baseline'><span\r\n  style='font-size:10.5pt;font-family:\"Arial Narrow\",sans-serif'>&nbsp;<\/span><\/p>\r\n  <p class=MsoNormal align=center style='text-align:center;vertical-align:baseline'><b><span\r\n  style='font-size:10.5pt;font-family:\"Arial Narrow\",sans-serif'>Jeudi 25\/03<\/span><\/b><span\r\n  style='font-size:10.5pt;font-family:\"Arial Narrow\",sans-serif'>&nbsp;<\/span><\/p>\r\n  <p class=MsoNormal align=center style='text-align:center;vertical-align:baseline'><b><span\r\n  style='font-size:10.5pt;font-family:\"Arial Narrow\",sans-serif'>16h-17h30<\/span><\/b><span\r\n  style='font-size:10.5pt;font-family:\"Arial Narrow\",sans-serif'>&nbsp;<\/span><\/p>\r\n  <\/td>\r\n  <td width=293 valign=top style='width:219.7pt;border:solid windowtext 1.0pt;\r\n  border-left:none;padding:0cm 0cm 0cm 0cm'>\r\n  <p class=MsoNormal align=center style='text-align:center;vertical-align:baseline'><span\r\n  style='font-size:10.5pt;font-family:\"Arial Narrow\",sans-serif'>&nbsp;<\/span><\/p>\r\n  <p class=MsoNormal align=center style='text-align:center;vertical-align:baseline'><b><span\r\n  style='font-size:10.5pt;font-family:\"Arial Narrow\",sans-serif'>Pr\u00e9sentation\r\n  suivie d\u2019\u00e9changes<\/span><\/b><span style='font-size:10.5pt;font-family:\"Arial Narrow\",sans-serif'>&nbsp;<\/span><\/p>\r\n  <p class=MsoNormal align=center style='text-align:center;vertical-align:baseline'><span\r\n  style='font-size:10.5pt;font-family:\"Arial Narrow\",sans-serif'>&nbsp;<\/span><\/p>\r\n  <p class=MsoNormal align=center style='text-align:center;vertical-align:baseline'><b><span\r\n  style='font-size:10.5pt;font-family:\"Arial Narrow\",sans-serif'>Lien pour\r\n  acc\u00e9der \u00e0 la r\u00e9union&nbsp;Jitsi&nbsp;Meet<\/span><\/b><span style='font-size:\r\n  10.5pt;font-family:\"Arial Narrow\",sans-serif'>&nbsp;<\/span><\/p>\r\n  <p class=MsoNormal align=center style='text-align:center;vertical-align:baseline'><span\r\n  style='font-size:9.0pt;font-family:\"Segoe UI\",sans-serif'><a\r\n  href=\"https:\/\/meet.jit.si\/DCGSchuman\" target=\"_blank\"><b><span\r\n  style='font-size:10.5pt;font-family:\"Arial Narrow\",sans-serif;color:blue'>https:\/\/meet.jit.si\/DCGSchuman<\/span><\/b><\/a><\/span><span\r\n  style='font-size:10.5pt;font-family:\"Arial Narrow\",sans-serif'>&nbsp;<\/span><\/p>\r\n  <p class=MsoNormal align=center style='text-align:center;vertical-align:baseline'><b><i><span\r\n  style='font-size:10.5pt;font-family:\"Arial Narrow\",sans-serif;color:#7030A0'>N\u2019h\u00e9sitez\r\n  pas \u00e0 vous connecter m\u00eame en cours de r\u00e9union&nbsp;!<\/span><\/i><\/b><span\r\n  style='font-size:10.5pt;font-family:\"Arial Narrow\",sans-serif;color:#7030A0'>&nbsp;<\/span><\/p>\r\n  <p class=MsoNormal align=center style='text-align:center;vertical-align:baseline'><span\r\n  style='font-size:10.5pt;font-family:\"Arial Narrow\",sans-serif'>&nbsp;<\/span><\/p>\r\n  <\/td>\r\n  <td width=425 valign=top style='width:318.95pt;border:solid windowtext 1.0pt;\r\n  border-left:none;padding:0cm 0cm 0cm 0cm'>\r\n  <p class=MsoNormal align=center style='text-align:center;vertical-align:baseline'><span\r\n  style='font-size:10.5pt;font-family:\"Arial Narrow\",sans-serif'>&nbsp;<\/span><\/p>\r\n  <p class=MsoNormal align=center style='text-align:center;vertical-align:baseline'><b><span\r\n  style='font-size:10.5pt;font-family:\"Arial Narrow\",sans-serif'>Site Internet<\/span><\/b><span\r\n  style='font-size:10.5pt;font-family:\"Arial Narrow\",sans-serif'>&nbsp;<\/span><\/p>\r\n  <p class=MsoNormal align=center style='text-align:center;vertical-align:baseline'><span\r\n  style='font-size:9.0pt;font-family:\"Segoe UI\",sans-serif'><a\r\n  href=\"https:\/\/lyc-schuman-metz.monbureaunumerique.fr\/l-etablissement\/diplome-de-comptabilite-et-de-gestion-dcg-\/\"\r\n  target=\"_blank\"><b><span style='font-size:10.5pt;font-family:\"Arial Narrow\",sans-serif;\r\n  color:blue'>https:\/\/lyc-schuman-metz.monbureaunumerique.fr\/l-etablissement\/diplome-de-comptabilite-et-de-gestion-dcg-\/<\/span><\/b><\/a><\/span><span\r\n  style='font-size:10.5pt;font-family:\"Arial Narrow\",sans-serif'>&nbsp;<\/span><\/p>\r\n  <p class=MsoNormal align=center style='text-align:center;vertical-align:baseline'><b><span\r\n  style='font-size:10.5pt;font-family:\"Arial Narrow\",sans-serif'>Vid\u00e9o de pr\u00e9sentation\r\n  \u201cTout sur le DCG\u201d<\/span><\/b><span style='font-size:10.5pt;font-family:\"Arial Narrow\",sans-serif'>&nbsp;<\/span><\/p>\r\n  <p class=MsoNormal align=center style='text-align:center;vertical-align:baseline'><span\r\n  style='font-size:9.0pt;font-family:\"Segoe UI\",sans-serif'><a\r\n  href=\"https:\/\/padlet.com\/cathycahu\/h13lp2islyxtfaon\" target=\"_blank\"><b><span\r\n  style='font-size:10.5pt;font-family:\"Arial Narrow\",sans-serif;color:blue'>https:\/\/padlet.com\/cathycahu\/h13lp2islyxtfaon<\/span><\/b><\/a><\/span><span\r\n  style='font-size:10.5pt;font-family:\"Arial Narrow\",sans-serif'>&nbsp;<\/span><\/p>\r\n  <p class=MsoNormal align=center style='text-align:center;vertical-align:baseline'><b><span\r\n  style='font-size:10.5pt;font-family:\"Arial Narrow\",sans-serif'>Twitter:&nbsp;<\/span><\/b><span\r\n  style='font-size:10.5pt;font-family:\"Arial Narrow\",sans-serif'>&nbsp;<\/span><\/p>\r\n  <p class=MsoNormal align=center style='text-align:center;vertical-align:baseline'><b><span\r\n  style='font-size:10.5pt;font-family:\"Arial Narrow\",sans-serif;color:#0070C0'>@DcgMetz<\/span><\/b><span\r\n  style='font-size:10.5pt;font-family:\"Arial Narrow\",sans-serif;color:#0070C0'>&nbsp;<\/span><\/p>\r\n  <\/td>\r\n <\/tr>\r\n<\/table>\r\n\r\n<p class=MsoNormal>&nbsp;<\/p>\r\n\r\n<\/div>\r\n\r\n<\/body>\r\n\r\n<\/html>\r\n\t\t<\/div>\n\t\t\t\t<\/div>\n\t\t\t\t\t\t<\/div>\n\t\t\t\t\t<\/div>\n\t\t<\/div>\n\t\t\t\t\t\t\t\t<\/div>\n\t\t\t\t\t<\/div>\n\t\t<\/section>\n\t\t\t\t\t\t<\/div>\n\t\t\t\t\t\t<\/div>\n\t\t\t\t\t<\/div>\n\t\t","protected":false},"excerpt":{"rendered":"<p>Lyc\u00e9e R.Schuman: Dipl\u00f4me de comptabilit\u00e9 et gestion 1\/15 2\/15 3\/15 4\/15 5\/15 6\/15 7\/15 8\/15 9\/15 10\/15 11\/15 12\/15 13\/15 14\/15 15\/15 Pr\u00e9c\u00e9dent Suivant horaires visioconf\u00e9rences et liens utiles : Lyc\u00e9e Robert Schuman \u2013&nbsp;&nbsp; Metz&nbsp;&nbsp;&nbsp;&nbsp;&nbsp;&nbsp;&nbsp;&nbsp;&nbsp;&nbsp;&nbsp;&nbsp;&nbsp;&nbsp;&nbsp;&nbsp;&nbsp;&nbsp;&nbsp;&nbsp;&nbsp;&nbsp;&nbsp;&nbsp;&nbsp;&nbsp;&nbsp;&nbsp;&nbsp;&nbsp; Dipl\u00f4me de Comptabilit\u00e9 et Gestion (DCG)&nbsp; Caroline HORNY&nbsp; Professeur&nbsp; &nbsp; Jeudi 25\/03&nbsp; 16h-17h30&nbsp; &nbsp; Pr\u00e9sentation suivie d\u2019\u00e9changes&nbsp; &nbsp; Lien pour [&hellip;]<\/p>\n","protected":false},"author":1,"featured_media":0,"parent":0,"menu_order":0,"comment_status":"closed","ping_status":"closed","template":"elementor_header_footer","meta":[],"_links":{"self":[{"href":"https:\/\/evenement.lycee-charles-jully.fr\/index.php\/wp-json\/wp\/v2\/pages\/1433"}],"collection":[{"href":"https:\/\/evenement.lycee-charles-jully.fr\/index.php\/wp-json\/wp\/v2\/pages"}],"about":[{"href":"https:\/\/evenement.lycee-charles-jully.fr\/index.php\/wp-json\/wp\/v2\/types\/page"}],"author":[{"embeddable":true,"href":"https:\/\/evenement.lycee-charles-jully.fr\/index.php\/wp-json\/wp\/v2\/users\/1"}],"replies":[{"embeddable":true,"href":"https:\/\/evenement.lycee-charles-jully.fr\/index.php\/wp-json\/wp\/v2\/comments?post=1433"}],"version-history":[{"count":32,"href":"https:\/\/evenement.lycee-charles-jully.fr\/index.php\/wp-json\/wp\/v2\/pages\/1433\/revisions"}],"predecessor-version":[{"id":5964,"href":"https:\/\/evenement.lycee-charles-jully.fr\/index.php\/wp-json\/wp\/v2\/pages\/1433\/revisions\/5964"}],"wp:attachment":[{"href":"https:\/\/evenement.lycee-charles-jully.fr\/index.php\/wp-json\/wp\/v2\/media?parent=1433"}],"curies":[{"name":"wp","href":"https:\/\/api.w.org\/{rel}","templated":true}]}}