{"id":2888,"date":"2021-01-22T11:19:58","date_gmt":"2021-01-22T10:19:58","guid":{"rendered":"https:\/\/evenement.lycee-charles-jully.fr\/?page_id=2888"},"modified":"2021-03-12T20:57:01","modified_gmt":"2021-03-12T19:57:01","slug":"plaquette_cnam","status":"publish","type":"page","link":"https:\/\/evenement.lycee-charles-jully.fr\/index.php\/plaquette_cnam\/","title":{"rendered":"plaquette_cnam"},"content":{"rendered":"\t\t<div data-elementor-type=\"wp-page\" data-elementor-id=\"2888\" class=\"elementor elementor-2888\" data-elementor-settings=\"[]\">\n\t\t\t\t\t\t<div class=\"elementor-inner\">\n\t\t\t\t\t\t\t<div class=\"elementor-section-wrap\">\n\t\t\t\t\t\t\t<section class=\"elementor-section elementor-top-section elementor-element elementor-element-18873abe elementor-section-boxed elementor-section-height-default elementor-section-height-default\" data-id=\"18873abe\" data-element_type=\"section\">\n\t\t\t\t\t\t<div class=\"elementor-container elementor-column-gap-default\">\n\t\t\t\t\t\t\t<div class=\"elementor-row\">\n\t\t\t\t\t<div class=\"elementor-column elementor-col-100 elementor-top-column elementor-element elementor-element-799e0262\" data-id=\"799e0262\" data-element_type=\"column\">\n\t\t\t<div class=\"elementor-column-wrap elementor-element-populated\">\n\t\t\t\t\t\t\t<div class=\"elementor-widget-wrap\">\n\t\t\t\t\t\t<div class=\"elementor-element elementor-element-da22acd elementor-widget elementor-widget-heading\" data-id=\"da22acd\" data-element_type=\"widget\" data-widget_type=\"heading.default\">\n\t\t\t\t<div class=\"elementor-widget-container\">\n\t\t\t<h2 class=\"elementor-heading-title elementor-size-default\">CNAM Grand Est :<\/h2>\t\t<\/div>\n\t\t\t\t<\/div>\n\t\t\t\t\t\t<\/div>\n\t\t\t\t\t<\/div>\n\t\t<\/div>\n\t\t\t\t\t\t\t\t<\/div>\n\t\t\t\t\t<\/div>\n\t\t<\/section>\n\t\t\t\t<section class=\"elementor-section elementor-top-section elementor-element elementor-element-2162c113 elementor-section-boxed elementor-section-height-default elementor-section-height-default\" data-id=\"2162c113\" data-element_type=\"section\" id=\"bas\">\n\t\t\t\t\t\t<div class=\"elementor-container elementor-column-gap-default\">\n\t\t\t\t\t\t\t<div class=\"elementor-row\">\n\t\t\t\t\t<div class=\"elementor-column elementor-col-33 elementor-top-column elementor-element elementor-element-79c4c748\" data-id=\"79c4c748\" data-element_type=\"column\">\n\t\t\t<div class=\"elementor-column-wrap\">\n\t\t\t\t\t\t\t<div class=\"elementor-widget-wrap\">\n\t\t\t\t\t\t\t\t<\/div>\n\t\t\t\t\t<\/div>\n\t\t<\/div>\n\t\t\t\t<div class=\"elementor-column elementor-col-33 elementor-top-column elementor-element elementor-element-6e3a71bb\" data-id=\"6e3a71bb\" data-element_type=\"column\">\n\t\t\t<div class=\"elementor-column-wrap elementor-element-populated\">\n\t\t\t\t\t\t\t<div class=\"elementor-widget-wrap\">\n\t\t\t\t\t\t<div class=\"elementor-element elementor-element-7d25096 elementor-widget elementor-widget-image\" data-id=\"7d25096\" data-element_type=\"widget\" data-widget_type=\"image.default\">\n\t\t\t\t<div class=\"elementor-widget-container\">\n\t\t\t\t\t<div class=\"elementor-image\">\n\t\t\t\t\t\t\t\t\t\t\t<a href=\"https:\/\/evenement.lycee-charles-jully.fr\/wp-content\/uploads\/2021\/02\/plaquette_EICnam.pdf\" target=\"_blank\">\n\t\t\t\t\t\t\t<img width=\"212\" height=\"300\" src=\"https:\/\/evenement.lycee-charles-jully.fr\/wp-content\/uploads\/2021\/03\/plaquette_EICnam-212x300.jpg\" class=\"elementor-animation-pulse attachment-medium size-medium\" alt=\"\" loading=\"lazy\" srcset=\"https:\/\/evenement.lycee-charles-jully.fr\/wp-content\/uploads\/2021\/03\/plaquette_EICnam-212x300.jpg 212w, https:\/\/evenement.lycee-charles-jully.fr\/wp-content\/uploads\/2021\/03\/plaquette_EICnam-724x1024.jpg 724w, https:\/\/evenement.lycee-charles-jully.fr\/wp-content\/uploads\/2021\/03\/plaquette_EICnam-768x1086.jpg 768w, https:\/\/evenement.lycee-charles-jully.fr\/wp-content\/uploads\/2021\/03\/plaquette_EICnam-1086x1536.jpg 1086w, https:\/\/evenement.lycee-charles-jully.fr\/wp-content\/uploads\/2021\/03\/plaquette_EICnam-1448x2048.jpg 1448w, https:\/\/evenement.lycee-charles-jully.fr\/wp-content\/uploads\/2021\/03\/plaquette_EICnam-830x1174.jpg 830w, https:\/\/evenement.lycee-charles-jully.fr\/wp-content\/uploads\/2021\/03\/plaquette_EICnam-230x325.jpg 230w, https:\/\/evenement.lycee-charles-jully.fr\/wp-content\/uploads\/2021\/03\/plaquette_EICnam-350x495.jpg 350w, https:\/\/evenement.lycee-charles-jully.fr\/wp-content\/uploads\/2021\/03\/plaquette_EICnam-480x679.jpg 480w, https:\/\/evenement.lycee-charles-jully.fr\/wp-content\/uploads\/2021\/03\/plaquette_EICnam-scaled.jpg 1810w\" sizes=\"(max-width: 212px) 100vw, 212px\" \/>\t\t\t\t\t\t\t\t<\/a>\n\t\t\t\t\t\t\t\t\t\t\t<\/div>\n\t\t\t\t<\/div>\n\t\t\t\t<\/div>\n\t\t\t\t<div class=\"elementor-element elementor-element-5440c53 elementor-widget elementor-widget-heading\" data-id=\"5440c53\" data-element_type=\"widget\" data-widget_type=\"heading.default\">\n\t\t\t\t<div class=\"elementor-widget-container\">\n\t\t\t<h3 class=\"elementor-heading-title elementor-size-default\">Le Cnam<\/h3>\t\t<\/div>\n\t\t\t\t<\/div>\n\t\t\t\t\t\t<\/div>\n\t\t\t\t\t<\/div>\n\t\t<\/div>\n\t\t\t\t<div class=\"elementor-column elementor-col-33 elementor-top-column elementor-element elementor-element-1a563ed1\" data-id=\"1a563ed1\" data-element_type=\"column\">\n\t\t\t<div class=\"elementor-column-wrap\">\n\t\t\t\t\t\t\t<div class=\"elementor-widget-wrap\">\n\t\t\t\t\t\t\t\t<\/div>\n\t\t\t\t\t<\/div>\n\t\t<\/div>\n\t\t\t\t\t\t\t\t<\/div>\n\t\t\t\t\t<\/div>\n\t\t<\/section>\n\t\t\t\t<section class=\"elementor-section elementor-top-section elementor-element elementor-element-1c37f4a elementor-section-boxed elementor-section-height-default elementor-section-height-default\" data-id=\"1c37f4a\" data-element_type=\"section\">\n\t\t\t\t\t\t<div class=\"elementor-container elementor-column-gap-default\">\n\t\t\t\t\t\t\t<div class=\"elementor-row\">\n\t\t\t\t\t<div class=\"elementor-column elementor-col-33 elementor-top-column elementor-element elementor-element-7b782a7\" data-id=\"7b782a7\" data-element_type=\"column\">\n\t\t\t<div class=\"elementor-column-wrap elementor-element-populated\">\n\t\t\t\t\t\t\t<div class=\"elementor-widget-wrap\">\n\t\t\t\t\t\t<div class=\"elementor-element elementor-element-05e4cbe elementor-widget elementor-widget-image\" data-id=\"05e4cbe\" data-element_type=\"widget\" data-widget_type=\"image.default\">\n\t\t\t\t<div class=\"elementor-widget-container\">\n\t\t\t\t\t<div class=\"elementor-image\">\n\t\t\t\t\t\t\t\t\t\t\t<a href=\"https:\/\/evenement.lycee-charles-jully.fr\/wp-content\/uploads\/2021\/02\/plaquette_energetique.pdf\" target=\"_blank\">\n\t\t\t\t\t\t\t<img width=\"212\" height=\"300\" src=\"https:\/\/evenement.lycee-charles-jully.fr\/wp-content\/uploads\/2021\/01\/plaquette_energetique-212x300.jpg\" class=\"elementor-animation-pulse attachment-medium size-medium\" alt=\"\" loading=\"lazy\" srcset=\"https:\/\/evenement.lycee-charles-jully.fr\/wp-content\/uploads\/2021\/01\/plaquette_energetique-212x300.jpg 212w, https:\/\/evenement.lycee-charles-jully.fr\/wp-content\/uploads\/2021\/01\/plaquette_energetique-724x1024.jpg 724w, https:\/\/evenement.lycee-charles-jully.fr\/wp-content\/uploads\/2021\/01\/plaquette_energetique-768x1086.jpg 768w, https:\/\/evenement.lycee-charles-jully.fr\/wp-content\/uploads\/2021\/01\/plaquette_energetique-1086x1536.jpg 1086w, https:\/\/evenement.lycee-charles-jully.fr\/wp-content\/uploads\/2021\/01\/plaquette_energetique-1448x2048.jpg 1448w, https:\/\/evenement.lycee-charles-jully.fr\/wp-content\/uploads\/2021\/01\/plaquette_energetique-830x1174.jpg 830w, https:\/\/evenement.lycee-charles-jully.fr\/wp-content\/uploads\/2021\/01\/plaquette_energetique-230x325.jpg 230w, https:\/\/evenement.lycee-charles-jully.fr\/wp-content\/uploads\/2021\/01\/plaquette_energetique-350x495.jpg 350w, https:\/\/evenement.lycee-charles-jully.fr\/wp-content\/uploads\/2021\/01\/plaquette_energetique-480x679.jpg 480w, https:\/\/evenement.lycee-charles-jully.fr\/wp-content\/uploads\/2021\/01\/plaquette_energetique-scaled.jpg 1810w\" sizes=\"(max-width: 212px) 100vw, 212px\" \/>\t\t\t\t\t\t\t\t<\/a>\n\t\t\t\t\t\t\t\t\t\t\t<\/div>\n\t\t\t\t<\/div>\n\t\t\t\t<\/div>\n\t\t\t\t<div class=\"elementor-element elementor-element-200cac24 elementor-widget elementor-widget-heading\" data-id=\"200cac24\" data-element_type=\"widget\" data-widget_type=\"heading.default\">\n\t\t\t\t<div class=\"elementor-widget-container\">\n\t\t\t<h3 class=\"elementor-heading-title elementor-size-default\">Energ\u00e9tique<\/h3>\t\t<\/div>\n\t\t\t\t<\/div>\n\t\t\t\t\t\t<\/div>\n\t\t\t\t\t<\/div>\n\t\t<\/div>\n\t\t\t\t<div class=\"elementor-column elementor-col-33 elementor-top-column elementor-element elementor-element-3e15127\" data-id=\"3e15127\" data-element_type=\"column\">\n\t\t\t<div class=\"elementor-column-wrap elementor-element-populated\">\n\t\t\t\t\t\t\t<div class=\"elementor-widget-wrap\">\n\t\t\t\t\t\t<div class=\"elementor-element elementor-element-e0a79b7 elementor-widget elementor-widget-image\" data-id=\"e0a79b7\" data-element_type=\"widget\" data-widget_type=\"image.default\">\n\t\t\t\t<div class=\"elementor-widget-container\">\n\t\t\t\t\t<div class=\"elementor-image\">\n\t\t\t\t\t\t\t\t\t\t\t<a href=\"https:\/\/evenement.lycee-charles-jully.fr\/wp-content\/uploads\/2021\/02\/plaquette_sante_securite_environnement.pdf\" target=\"_blank\">\n\t\t\t\t\t\t\t<img width=\"212\" height=\"300\" src=\"https:\/\/evenement.lycee-charles-jully.fr\/wp-content\/uploads\/2021\/01\/plaquette_sante_securite_environnement-212x300.jpg\" class=\"elementor-animation-pulse attachment-medium size-medium\" alt=\"\" loading=\"lazy\" srcset=\"https:\/\/evenement.lycee-charles-jully.fr\/wp-content\/uploads\/2021\/01\/plaquette_sante_securite_environnement-212x300.jpg 212w, https:\/\/evenement.lycee-charles-jully.fr\/wp-content\/uploads\/2021\/01\/plaquette_sante_securite_environnement-724x1024.jpg 724w, https:\/\/evenement.lycee-charles-jully.fr\/wp-content\/uploads\/2021\/01\/plaquette_sante_securite_environnement-768x1086.jpg 768w, https:\/\/evenement.lycee-charles-jully.fr\/wp-content\/uploads\/2021\/01\/plaquette_sante_securite_environnement-1086x1536.jpg 1086w, https:\/\/evenement.lycee-charles-jully.fr\/wp-content\/uploads\/2021\/01\/plaquette_sante_securite_environnement-1448x2048.jpg 1448w, https:\/\/evenement.lycee-charles-jully.fr\/wp-content\/uploads\/2021\/01\/plaquette_sante_securite_environnement-830x1174.jpg 830w, https:\/\/evenement.lycee-charles-jully.fr\/wp-content\/uploads\/2021\/01\/plaquette_sante_securite_environnement-230x325.jpg 230w, https:\/\/evenement.lycee-charles-jully.fr\/wp-content\/uploads\/2021\/01\/plaquette_sante_securite_environnement-350x495.jpg 350w, https:\/\/evenement.lycee-charles-jully.fr\/wp-content\/uploads\/2021\/01\/plaquette_sante_securite_environnement-480x679.jpg 480w, https:\/\/evenement.lycee-charles-jully.fr\/wp-content\/uploads\/2021\/01\/plaquette_sante_securite_environnement-scaled.jpg 1810w\" sizes=\"(max-width: 212px) 100vw, 212px\" \/>\t\t\t\t\t\t\t\t<\/a>\n\t\t\t\t\t\t\t\t\t\t\t<\/div>\n\t\t\t\t<\/div>\n\t\t\t\t<\/div>\n\t\t\t\t<div class=\"elementor-element elementor-element-23b71a5d elementor-widget elementor-widget-heading\" data-id=\"23b71a5d\" data-element_type=\"widget\" data-widget_type=\"heading.default\">\n\t\t\t\t<div class=\"elementor-widget-container\">\n\t\t\t<h3 class=\"elementor-heading-title elementor-size-default\">Sant\u00e9<\/h3>\t\t<\/div>\n\t\t\t\t<\/div>\n\t\t\t\t\t\t<\/div>\n\t\t\t\t\t<\/div>\n\t\t<\/div>\n\t\t\t\t<div class=\"elementor-column elementor-col-33 elementor-top-column elementor-element elementor-element-bc5c033\" data-id=\"bc5c033\" data-element_type=\"column\">\n\t\t\t<div class=\"elementor-column-wrap elementor-element-populated\">\n\t\t\t\t\t\t\t<div class=\"elementor-widget-wrap\">\n\t\t\t\t\t\t<div class=\"elementor-element elementor-element-98dde96 elementor-widget elementor-widget-image\" data-id=\"98dde96\" data-element_type=\"widget\" data-widget_type=\"image.default\">\n\t\t\t\t<div class=\"elementor-widget-container\">\n\t\t\t\t\t<div class=\"elementor-image\">\n\t\t\t\t\t\t\t\t\t\t\t<a href=\"https:\/\/evenement.lycee-charles-jully.fr\/wp-content\/uploads\/2021\/02\/plaquette_ecoconception.pdf\" target=\"_blank\">\n\t\t\t\t\t\t\t<img width=\"212\" height=\"300\" src=\"https:\/\/evenement.lycee-charles-jully.fr\/wp-content\/uploads\/2021\/01\/plaquette_economie_circulaire-212x300.jpg\" class=\"elementor-animation-pulse attachment-medium size-medium\" alt=\"\" loading=\"lazy\" srcset=\"https:\/\/evenement.lycee-charles-jully.fr\/wp-content\/uploads\/2021\/01\/plaquette_economie_circulaire-212x300.jpg 212w, https:\/\/evenement.lycee-charles-jully.fr\/wp-content\/uploads\/2021\/01\/plaquette_economie_circulaire-724x1024.jpg 724w, https:\/\/evenement.lycee-charles-jully.fr\/wp-content\/uploads\/2021\/01\/plaquette_economie_circulaire-768x1087.jpg 768w, https:\/\/evenement.lycee-charles-jully.fr\/wp-content\/uploads\/2021\/01\/plaquette_economie_circulaire-230x326.jpg 230w, https:\/\/evenement.lycee-charles-jully.fr\/wp-content\/uploads\/2021\/01\/plaquette_economie_circulaire-350x495.jpg 350w, https:\/\/evenement.lycee-charles-jully.fr\/wp-content\/uploads\/2021\/01\/plaquette_economie_circulaire-480x679.jpg 480w, https:\/\/evenement.lycee-charles-jully.fr\/wp-content\/uploads\/2021\/01\/plaquette_economie_circulaire.jpg 826w\" sizes=\"(max-width: 212px) 100vw, 212px\" \/>\t\t\t\t\t\t\t\t<\/a>\n\t\t\t\t\t\t\t\t\t\t\t<\/div>\n\t\t\t\t<\/div>\n\t\t\t\t<\/div>\n\t\t\t\t<div class=\"elementor-element elementor-element-e905677 elementor-widget elementor-widget-heading\" data-id=\"e905677\" data-element_type=\"widget\" data-widget_type=\"heading.default\">\n\t\t\t\t<div class=\"elementor-widget-container\">\n\t\t\t<h3 class=\"elementor-heading-title elementor-size-default\">Eco-conception<\/h3>\t\t<\/div>\n\t\t\t\t<\/div>\n\t\t\t\t\t\t<\/div>\n\t\t\t\t\t<\/div>\n\t\t<\/div>\n\t\t\t\t\t\t\t\t<\/div>\n\t\t\t\t\t<\/div>\n\t\t<\/section>\n\t\t\t\t<section class=\"elementor-section elementor-top-section elementor-element elementor-element-87496b8 elementor-section-boxed elementor-section-height-default elementor-section-height-default\" data-id=\"87496b8\" data-element_type=\"section\">\n\t\t\t\t\t\t<div class=\"elementor-container elementor-column-gap-default\">\n\t\t\t\t\t\t\t<div class=\"elementor-row\">\n\t\t\t\t\t<div class=\"elementor-column elementor-col-100 elementor-top-column elementor-element elementor-element-81e9ba1\" data-id=\"81e9ba1\" data-element_type=\"column\">\n\t\t\t<div class=\"elementor-column-wrap elementor-element-populated\">\n\t\t\t\t\t\t\t<div class=\"elementor-widget-wrap\">\n\t\t\t\t\t\t<div class=\"elementor-element elementor-element-b8738ba elementor-widget elementor-widget-spacer\" data-id=\"b8738ba\" data-element_type=\"widget\" data-widget_type=\"spacer.default\">\n\t\t\t\t<div class=\"elementor-widget-container\">\n\t\t\t\t\t<div class=\"elementor-spacer\">\n\t\t\t<div class=\"elementor-spacer-inner\"><\/div>\n\t\t<\/div>\n\t\t\t\t<\/div>\n\t\t\t\t<\/div>\n\t\t\t\t\t\t<\/div>\n\t\t\t\t\t<\/div>\n\t\t<\/div>\n\t\t\t\t\t\t\t\t<\/div>\n\t\t\t\t\t<\/div>\n\t\t<\/section>\n\t\t\t\t<section class=\"elementor-section elementor-top-section elementor-element elementor-element-9f2fc54 elementor-section-boxed elementor-section-height-default elementor-section-height-default\" data-id=\"9f2fc54\" data-element_type=\"section\">\n\t\t\t\t\t\t<div class=\"elementor-container elementor-column-gap-default\">\n\t\t\t\t\t\t\t<div class=\"elementor-row\">\n\t\t\t\t\t<div class=\"elementor-column elementor-col-100 elementor-top-column elementor-element elementor-element-846beee\" data-id=\"846beee\" data-element_type=\"column\">\n\t\t\t<div class=\"elementor-column-wrap elementor-element-populated\">\n\t\t\t\t\t\t\t<div class=\"elementor-widget-wrap\">\n\t\t\t\t\t\t<div class=\"elementor-element elementor-element-b960795 elementor-widget elementor-widget-heading\" data-id=\"b960795\" data-element_type=\"widget\" data-widget_type=\"heading.default\">\n\t\t\t\t<div class=\"elementor-widget-container\">\n\t\t\t<h2 class=\"elementor-heading-title elementor-size-default\">horaires visioconf\u00e9rences et liens utiles :<\/h2>\t\t<\/div>\n\t\t\t\t<\/div>\n\t\t\t\t\t\t<\/div>\n\t\t\t\t\t<\/div>\n\t\t<\/div>\n\t\t\t\t\t\t\t\t<\/div>\n\t\t\t\t\t<\/div>\n\t\t<\/section>\n\t\t\t\t<section class=\"elementor-section elementor-top-section elementor-element elementor-element-d280b8c elementor-section-boxed elementor-section-height-default elementor-section-height-default\" data-id=\"d280b8c\" data-element_type=\"section\">\n\t\t\t\t\t\t<div class=\"elementor-container elementor-column-gap-default\">\n\t\t\t\t\t\t\t<div class=\"elementor-row\">\n\t\t\t\t\t<div class=\"elementor-column elementor-col-100 elementor-top-column elementor-element elementor-element-f44115e\" data-id=\"f44115e\" data-element_type=\"column\">\n\t\t\t<div class=\"elementor-column-wrap elementor-element-populated\">\n\t\t\t\t\t\t\t<div class=\"elementor-widget-wrap\">\n\t\t\t\t\t\t<div class=\"elementor-element elementor-element-eae9e1a elementor-widget elementor-widget-html\" data-id=\"eae9e1a\" data-element_type=\"widget\" data-widget_type=\"html.default\">\n\t\t\t\t<div class=\"elementor-widget-container\">\n\t\t\t<html>\r\n\r\n<head>\r\n<meta http-equiv=Content-Type content=\"text\/html; charset=unicode\">\r\n<meta name=Generator content=\"Microsoft Word 15 (filtered)\">\r\n<style>\r\n<!--\r\n \/* Font Definitions *\/\r\n @font-face\r\n\t{font-family:\"Cambria Math\";\r\n\tpanose-1:2 4 5 3 5 4 6 3 2 4;}\r\n@font-face\r\n\t{font-family:Calibri;\r\n\tpanose-1:2 15 5 2 2 2 4 3 2 4;}\r\n@font-face\r\n\t{font-family:\"Arial Narrow\";\r\n\tpanose-1:2 11 6 6 2 2 2 3 2 4;}\r\n \/* Style Definitions *\/\r\n p.MsoNormal, li.MsoNormal, div.MsoNormal\r\n\t{margin-top:0cm;\r\n\tmargin-right:0cm;\r\n\tmargin-bottom:10.0pt;\r\n\tmargin-left:0cm;\r\n\tline-height:115%;\r\n\tfont-size:11.0pt;\r\n\tfont-family:\"Calibri\",sans-serif;}\r\na:link, span.MsoHyperlink\r\n\t{color:blue;\r\n\ttext-decoration:underline;}\r\n.MsoChpDefault\r\n\t{font-size:10.0pt;\r\n\tfont-family:\"Calibri\",sans-serif;}\r\n@page WordSection1\r\n\t{size:595.0pt 842.0pt;\r\n\tmargin:70.85pt 70.85pt 70.85pt 70.85pt;}\r\ndiv.WordSection1\r\n\t{page:WordSection1;}\r\n-->\r\n<\/style>\r\n\r\n<\/head>\r\n\r\n<body lang=FR link=blue vlink=\"#954F72\" style='word-wrap:break-word'>\r\n\r\n<div class=WordSection1>\r\n\r\n<table class=MsoNormalTable border=0 cellspacing=0 cellpadding=0 align=left\r\n width=992 style='width:744.0pt;border-collapse:collapse;margin-left:4.8pt;\r\n margin-right:4.8pt'>\r\n <tr>\r\n  <td width=206 style='width:154.2pt;border:solid windowtext 1.0pt;padding:\r\n  0cm 5.4pt 0cm 5.4pt'>\r\n  <p class=MsoNormal><b><span style='font-size:10.5pt;line-height:115%;\r\n  font-family:\"Arial Narrow\",sans-serif'>Conservatoire National des Arts et\r\n  M\u00e9tiers en Grand Est -<\/span><\/b><\/p>\r\n  <p class=MsoNormal><b><span style='font-size:10.5pt;line-height:115%;\r\n  font-family:\"Arial Narrow\",sans-serif'>(CNAM Grand Est) \u2013 Nancy \u2013<\/span><\/b><\/p>\r\n  <p class=MsoNormal><b><span style='font-size:10.5pt;line-height:115%;\r\n  font-family:\"Arial Narrow\",sans-serif'>Dipl\u00f4me d\u2019ing\u00e9nieur.e sp\u00e9cialit\u00e9\r\n  Eco-conception et fin de vie des produits (recrutement \u00e0 bac +2)<\/span><\/b><\/p>\r\n  <p class=MsoNormal><b><span style='font-size:10.5pt;line-height:115%;\r\n  font-family:\"Arial Narrow\",sans-serif'>Dipl\u00f4me d\u2019ing\u00e9nieur.e sp\u00e9cialit\u00e9 Gestion\r\n  des risques (recrutement \u00e0 bac +2)<\/span><\/b><\/p>\r\n  <p class=MsoNormal><b><span style='font-size:10.5pt;line-height:115%;\r\n  font-family:\"Arial Narrow\",sans-serif'>Dipl\u00f4me d\u2019ing\u00e9nieur.e sp\u00e9cialit\u00e9\r\n  Energ\u00e9tique (recrutement \u00e0 bac+2)<\/span><\/b><\/p>\r\n  <\/td>\r\n  <td width=174 style='width:130.15pt;border:solid windowtext 1.0pt;border-left:\r\n  none;padding:0cm 5.4pt 0cm 5.4pt'>\r\n  <p class=MsoNormal align=center style='text-align:center'><b><span\r\n  style='font-size:10.5pt;line-height:115%;font-family:\"Arial Narrow\",sans-serif'>Julie\r\n  DANIEL<\/span><\/b><\/p>\r\n  <p class=MsoNormal align=center style='text-align:center'><a\r\n  href=\"mailto:Julie.daniel@lecnam.net\"><b><span style='font-size:10.5pt;\r\n  line-height:115%;font-family:\"Arial Narrow\",sans-serif'>Julie.daniel@lecnam.net<\/span><\/b><\/a><\/p>\r\n  <p class=MsoNormal align=center style='text-align:center'><b><span\r\n  lang=EN-US style='font-size:10.5pt;line-height:115%;font-family:\"Arial Narrow\",sans-serif'>06\r\n  73 87 40 60<\/span><\/b><\/p>\r\n  <p class=MsoNormal align=center style='text-align:center'><b><span\r\n  lang=EN-US style='font-size:10.5pt;line-height:115%;font-family:\"Arial Narrow\",sans-serif'>&nbsp;<\/span><\/b><\/p>\r\n  <p class=MsoNormal align=center style='text-align:center'><b><span\r\n  lang=EN-US style='font-size:10.5pt;line-height:115%;font-family:\"Arial Narrow\",sans-serif'>Benjamin\r\n  VANZO <\/span><\/b><\/p>\r\n  <p class=MsoNormal align=center style='text-align:center'><a\r\n  href=\"mailto:Benjamin.vanzo@lecnam.net\"><b><span lang=EN-US style='font-size:\r\n  10.5pt;line-height:115%;font-family:\"Arial Narrow\",sans-serif'>Benjamin.vanzo@lecnam.net<\/span><\/b><\/a><b><span\r\n  style='font-size:10.5pt;line-height:115%;font-family:\"Arial Narrow\",sans-serif'>\r\n  <\/span><\/b><\/p>\r\n  <p class=MsoNormal align=center style='text-align:center'><b><span\r\n  lang=EN-US style='font-size:10.5pt;line-height:115%;font-family:\"Arial Narrow\",sans-serif'>06\r\n  80 03 49 22<\/span><\/b><\/p>\r\n  <\/td>\r\n  <td width=178 valign=top style='width:133.35pt;border:solid windowtext 1.0pt;\r\n  border-left:none;padding:0cm 5.4pt 0cm 5.4pt'>\r\n  <p class=MsoNormal align=center style='text-align:center'><b><span\r\n  style='font-size:10.5pt;line-height:115%;font-family:\"Arial Narrow\",sans-serif'>&nbsp;<\/span><\/b><\/p>\r\n  <p class=MsoNormal align=center style='text-align:center'><b><span\r\n  style='font-size:10.5pt;line-height:115%;font-family:\"Arial Narrow\",sans-serif'>&nbsp;<\/span><\/b><\/p>\r\n  <p class=MsoNormal align=center style='text-align:center'><b><span\r\n  style='font-size:10.5pt;line-height:115%;font-family:\"Arial Narrow\",sans-serif'>Mercredi\r\n  24 mars de 9h \u00e0 12h<\/span><\/b><\/p>\r\n  <p class=MsoNormal align=center style='text-align:center'><b><span\r\n  style='font-size:10.5pt;line-height:115%;font-family:\"Arial Narrow\",sans-serif'>Jeudi\r\n  25 mars de 9h \u00e0 12h<\/span><\/b><\/p>\r\n  <\/td>\r\n  <td width=435 valign=top style='width:326.3pt;border:solid windowtext 1.0pt;\r\n  border-left:none;padding:0cm 5.4pt 0cm 5.4pt'>\r\n  <p class=MsoNormal align=center style='text-align:center'><span\r\n  style='font-size:10.5pt;line-height:115%;font-family:\"Arial Narrow\",sans-serif'>&nbsp;<\/span><\/p>\r\n  <p class=MsoNormal align=center style='text-align:center'><span\r\n  style='font-size:10.5pt;line-height:115%;font-family:\"Arial Narrow\",sans-serif'>&nbsp;<\/span><\/p>\r\n  <p class=MsoNormal align=center style='text-align:center'><span\r\n  style='font-size:10.5pt;line-height:115%;font-family:\"Arial Narrow\",sans-serif'>Pour\r\n  participer \u00e0 cette session, merci de bien vouloir vous connecter sur \u00ab <b>JITSI\r\n  <\/b>\u00bb avec la <b><u><span style='color:#C00000'>derni\u00e8re version de GOOGLE\r\n  CHROME<\/span><\/u><\/b> avec le lien suivant :<\/span><\/p>\r\n  <p class=MsoNormal align=center style='text-align:center'><b><u><span\r\n  style='font-size:10.5pt;line-height:115%;font-family:\"Arial Narrow\",sans-serif;\r\n  color:#0070C0'>https:\/\/meet.jit.si\/PresentationCnamGrandEst<\/span><\/u><\/b><\/p>\r\n  <p class=MsoNormal align=center style='text-align:center'><b><span\r\n  style='font-size:10.5pt;line-height:115%;font-family:\"Arial Narrow\",sans-serif'>&nbsp;<\/span><\/b><\/p>\r\n  <p class=MsoNormal align=center style='text-align:center'><b><span\r\n  style='font-size:10.5pt;line-height:115%;font-family:\"Arial Narrow\",sans-serif'>Copiez\r\n  collez ce lien dans la barre d\u2019adresse du navigateur Google Chrome.<\/span><\/b><\/p>\r\n  <p class=MsoNormal align=center style='text-align:center'><b><span\r\n  style='font-size:10.5pt;line-height:115%;font-family:\"Arial Narrow\",sans-serif'>&nbsp;<\/span><\/b><\/p>\r\n  <\/td>\r\n <\/tr>\r\n<\/table>\r\n\r\n<p class=MsoNormal><span style='color:white'>&nbsp;<\/span><\/p>\r\n\r\n<\/div>\r\n\r\n<\/body>\r\n\r\n<\/html>\r\n\t\t<\/div>\n\t\t\t\t<\/div>\n\t\t\t\t\t\t<\/div>\n\t\t\t\t\t<\/div>\n\t\t<\/div>\n\t\t\t\t\t\t\t\t<\/div>\n\t\t\t\t\t<\/div>\n\t\t<\/section>\n\t\t\t\t\t\t<\/div>\n\t\t\t\t\t\t<\/div>\n\t\t\t\t\t<\/div>\n\t\t","protected":false},"excerpt":{"rendered":"<p>CNAM Grand Est : Le Cnam Energ\u00e9tique Sant\u00e9 Eco-conception horaires visioconf\u00e9rences et liens utiles : Conservatoire National des Arts et M\u00e9tiers en Grand Est &#8211; (CNAM Grand Est) \u2013 Nancy \u2013 Dipl\u00f4me d\u2019ing\u00e9nieur.e sp\u00e9cialit\u00e9 Eco-conception et fin de vie des produits (recrutement \u00e0 bac +2) Dipl\u00f4me d\u2019ing\u00e9nieur.e sp\u00e9cialit\u00e9 Gestion des risques (recrutement \u00e0 bac +2) [&hellip;]<\/p>\n","protected":false},"author":1,"featured_media":0,"parent":0,"menu_order":0,"comment_status":"closed","ping_status":"closed","template":"elementor_header_footer","meta":[],"_links":{"self":[{"href":"https:\/\/evenement.lycee-charles-jully.fr\/index.php\/wp-json\/wp\/v2\/pages\/2888"}],"collection":[{"href":"https:\/\/evenement.lycee-charles-jully.fr\/index.php\/wp-json\/wp\/v2\/pages"}],"about":[{"href":"https:\/\/evenement.lycee-charles-jully.fr\/index.php\/wp-json\/wp\/v2\/types\/page"}],"author":[{"embeddable":true,"href":"https:\/\/evenement.lycee-charles-jully.fr\/index.php\/wp-json\/wp\/v2\/users\/1"}],"replies":[{"embeddable":true,"href":"https:\/\/evenement.lycee-charles-jully.fr\/index.php\/wp-json\/wp\/v2\/comments?post=2888"}],"version-history":[{"count":28,"href":"https:\/\/evenement.lycee-charles-jully.fr\/index.php\/wp-json\/wp\/v2\/pages\/2888\/revisions"}],"predecessor-version":[{"id":5703,"href":"https:\/\/evenement.lycee-charles-jully.fr\/index.php\/wp-json\/wp\/v2\/pages\/2888\/revisions\/5703"}],"wp:attachment":[{"href":"https:\/\/evenement.lycee-charles-jully.fr\/index.php\/wp-json\/wp\/v2\/media?parent=2888"}],"curies":[{"name":"wp","href":"https:\/\/api.w.org\/{rel}","templated":true}]}}