{"id":3684,"date":"2021-01-29T07:51:38","date_gmt":"2021-01-29T06:51:38","guid":{"rendered":"https:\/\/evenement.lycee-charles-jully.fr\/?page_id=3684"},"modified":"2021-06-11T08:02:38","modified_gmt":"2021-06-11T06:02:38","slug":"plaquette_accueil_po","status":"publish","type":"page","link":"https:\/\/evenement.lycee-charles-jully.fr\/","title":{"rendered":"plaquette_accueil_po"},"content":{"rendered":"\t\t<div data-elementor-type=\"wp-page\" data-elementor-id=\"3684\" class=\"elementor elementor-3684\" data-elementor-settings=\"[]\">\n\t\t\t\t\t\t<div class=\"elementor-inner\">\n\t\t\t\t\t\t\t<div class=\"elementor-section-wrap\">\n\t\t\t\t\t\t\t<section class=\"elementor-section elementor-top-section elementor-element elementor-element-4a12b0a4 elementor-section-boxed elementor-section-height-default elementor-section-height-default\" data-id=\"4a12b0a4\" data-element_type=\"section\">\n\t\t\t\t\t\t<div class=\"elementor-container elementor-column-gap-default\">\n\t\t\t\t\t\t\t<div class=\"elementor-row\">\n\t\t\t\t\t<div class=\"elementor-column elementor-col-100 elementor-top-column elementor-element elementor-element-721a0c3d\" data-id=\"721a0c3d\" data-element_type=\"column\">\n\t\t\t<div class=\"elementor-column-wrap elementor-element-populated\">\n\t\t\t\t\t\t\t<div class=\"elementor-widget-wrap\">\n\t\t\t\t\t\t<div class=\"elementor-element elementor-element-675351b3 elementor-widget elementor-widget-heading\" data-id=\"675351b3\" data-element_type=\"widget\" data-widget_type=\"heading.default\">\n\t\t\t\t<div class=\"elementor-widget-container\">\n\t\t\t<h2 class=\"elementor-heading-title elementor-size-xxl\"> Lyc\u00e9e Charles Jully<\/h2>\t\t<\/div>\n\t\t\t\t<\/div>\n\t\t\t\t\t\t<\/div>\n\t\t\t\t\t<\/div>\n\t\t<\/div>\n\t\t\t\t\t\t\t\t<\/div>\n\t\t\t\t\t<\/div>\n\t\t<\/section>\n\t\t\t\t<section class=\"elementor-section elementor-top-section elementor-element elementor-element-6a56da8 elementor-section-boxed elementor-section-height-default elementor-section-height-default\" data-id=\"6a56da8\" data-element_type=\"section\">\n\t\t\t\t\t\t<div class=\"elementor-container elementor-column-gap-default\">\n\t\t\t\t\t\t\t<div class=\"elementor-row\">\n\t\t\t\t\t<div class=\"elementor-column elementor-col-100 elementor-top-column elementor-element elementor-element-40cb651\" data-id=\"40cb651\" data-element_type=\"column\">\n\t\t\t<div class=\"elementor-column-wrap elementor-element-populated\">\n\t\t\t\t\t\t\t<div class=\"elementor-widget-wrap\">\n\t\t\t\t\t\t<div class=\"elementor-element elementor-element-38a1b7c elementor-widget elementor-widget-heading\" data-id=\"38a1b7c\" data-element_type=\"widget\" data-widget_type=\"heading.default\">\n\t\t\t\t<div class=\"elementor-widget-container\">\n\t\t\t<h3 class=\"elementor-heading-title elementor-size-default\">Portes ouvertes virtuelles : 15-16-18-19 mars 2021<\/h3>\t\t<\/div>\n\t\t\t\t<\/div>\n\t\t\t\t\t\t<\/div>\n\t\t\t\t\t<\/div>\n\t\t<\/div>\n\t\t\t\t\t\t\t\t<\/div>\n\t\t\t\t\t<\/div>\n\t\t<\/section>\n\t\t\t\t<section class=\"elementor-section elementor-top-section elementor-element elementor-element-390f0e4f elementor-section-boxed elementor-section-height-default elementor-section-height-default\" data-id=\"390f0e4f\" data-element_type=\"section\" id=\"main_po1\">\n\t\t\t\t\t\t<div class=\"elementor-container elementor-column-gap-wide\">\n\t\t\t\t\t\t\t<div class=\"elementor-row\">\n\t\t\t\t\t<div class=\"elementor-column elementor-col-50 elementor-top-column elementor-element elementor-element-14dc0fae\" data-id=\"14dc0fae\" data-element_type=\"column\">\n\t\t\t<div class=\"elementor-column-wrap elementor-element-populated\">\n\t\t\t\t\t\t\t<div class=\"elementor-widget-wrap\">\n\t\t\t\t\t\t<div class=\"elementor-element elementor-element-7ccdfdca elementor-widget elementor-widget-image\" data-id=\"7ccdfdca\" data-element_type=\"widget\" data-widget_type=\"image.default\">\n\t\t\t\t<div class=\"elementor-widget-container\">\n\t\t\t\t\t<div class=\"elementor-image\">\n\t\t\t\t\t\t\t\t\t\t\t<a href=\"https:\/\/www.lycee-charles-jully.fr\/formations_new\/\">\n\t\t\t\t\t\t\t<img width=\"701\" height=\"467\" src=\"https:\/\/evenement.lycee-charles-jully.fr\/wp-content\/uploads\/2021\/01\/d1a29a3ffe4e7b85756a3dd3b80a6a.png\" class=\"elementor-animation-pulse attachment-large size-large\" alt=\"\" loading=\"lazy\" srcset=\"https:\/\/evenement.lycee-charles-jully.fr\/wp-content\/uploads\/2021\/01\/d1a29a3ffe4e7b85756a3dd3b80a6a.png 701w, https:\/\/evenement.lycee-charles-jully.fr\/wp-content\/uploads\/2021\/01\/d1a29a3ffe4e7b85756a3dd3b80a6a-300x200.png 300w, https:\/\/evenement.lycee-charles-jully.fr\/wp-content\/uploads\/2021\/01\/d1a29a3ffe4e7b85756a3dd3b80a6a-230x153.png 230w, https:\/\/evenement.lycee-charles-jully.fr\/wp-content\/uploads\/2021\/01\/d1a29a3ffe4e7b85756a3dd3b80a6a-350x233.png 350w, https:\/\/evenement.lycee-charles-jully.fr\/wp-content\/uploads\/2021\/01\/d1a29a3ffe4e7b85756a3dd3b80a6a-480x320.png 480w\" sizes=\"(max-width: 701px) 100vw, 701px\" \/>\t\t\t\t\t\t\t\t<\/a>\n\t\t\t\t\t\t\t\t\t\t\t<\/div>\n\t\t\t\t<\/div>\n\t\t\t\t<\/div>\n\t\t\t\t<div class=\"elementor-element elementor-element-729e221b elementor-widget elementor-widget-heading\" data-id=\"729e221b\" data-element_type=\"widget\" data-widget_type=\"heading.default\">\n\t\t\t\t<div class=\"elementor-widget-container\">\n\t\t\t<h3 class=\"elementor-heading-title elementor-size-default\">Pr\u00e9sentation des formations  au Lyc\u00e9e<\/h3>\t\t<\/div>\n\t\t\t\t<\/div>\n\t\t\t\t\t\t<\/div>\n\t\t\t\t\t<\/div>\n\t\t<\/div>\n\t\t\t\t<div class=\"elementor-column elementor-col-50 elementor-top-column elementor-element elementor-element-3d09510\" data-id=\"3d09510\" data-element_type=\"column\">\n\t\t\t<div class=\"elementor-column-wrap elementor-element-populated\">\n\t\t\t\t\t\t\t<div class=\"elementor-widget-wrap\">\n\t\t\t\t\t\t<div class=\"elementor-element elementor-element-6846d47 elementor-widget elementor-widget-image\" data-id=\"6846d47\" data-element_type=\"widget\" data-widget_type=\"image.default\">\n\t\t\t\t<div class=\"elementor-widget-container\">\n\t\t\t\t\t<div class=\"elementor-image\">\n\t\t\t\t\t\t\t\t\t\t<img width=\"780\" height=\"520\" src=\"https:\/\/evenement.lycee-charles-jully.fr\/wp-content\/uploads\/2021\/01\/visu-realite-virtuelle-1.jpg\" class=\"elementor-animation-pulse attachment-large size-large\" alt=\"\" loading=\"lazy\" srcset=\"https:\/\/evenement.lycee-charles-jully.fr\/wp-content\/uploads\/2021\/01\/visu-realite-virtuelle-1.jpg 780w, https:\/\/evenement.lycee-charles-jully.fr\/wp-content\/uploads\/2021\/01\/visu-realite-virtuelle-1-300x200.jpg 300w, https:\/\/evenement.lycee-charles-jully.fr\/wp-content\/uploads\/2021\/01\/visu-realite-virtuelle-1-768x512.jpg 768w, https:\/\/evenement.lycee-charles-jully.fr\/wp-content\/uploads\/2021\/01\/visu-realite-virtuelle-1-230x153.jpg 230w, https:\/\/evenement.lycee-charles-jully.fr\/wp-content\/uploads\/2021\/01\/visu-realite-virtuelle-1-350x233.jpg 350w, https:\/\/evenement.lycee-charles-jully.fr\/wp-content\/uploads\/2021\/01\/visu-realite-virtuelle-1-480x320.jpg 480w\" sizes=\"(max-width: 780px) 100vw, 780px\" \/>\t\t\t\t\t\t\t\t\t\t\t<\/div>\n\t\t\t\t<\/div>\n\t\t\t\t<\/div>\n\t\t\t\t<div class=\"elementor-element elementor-element-a0417b0 elementor-widget elementor-widget-heading\" data-id=\"a0417b0\" data-element_type=\"widget\" data-widget_type=\"heading.default\">\n\t\t\t\t<div class=\"elementor-widget-container\">\n\t\t\t<h3 class=\"elementor-heading-title elementor-size-default\">Visite virtuelle du lyc\u00e9e<\/h3>\t\t<\/div>\n\t\t\t\t<\/div>\n\t\t\t\t\t\t<\/div>\n\t\t\t\t\t<\/div>\n\t\t<\/div>\n\t\t\t\t\t\t\t\t<\/div>\n\t\t\t\t\t<\/div>\n\t\t<\/section>\n\t\t\t\t<section class=\"elementor-section elementor-top-section elementor-element elementor-element-29387e4 elementor-section-boxed elementor-section-height-default elementor-section-height-default\" data-id=\"29387e4\" data-element_type=\"section\">\n\t\t\t\t\t\t<div class=\"elementor-container elementor-column-gap-default\">\n\t\t\t\t\t\t\t<div class=\"elementor-row\">\n\t\t\t\t\t<div class=\"elementor-column elementor-col-100 elementor-top-column elementor-element elementor-element-88a2450\" data-id=\"88a2450\" data-element_type=\"column\">\n\t\t\t<div class=\"elementor-column-wrap elementor-element-populated\">\n\t\t\t\t\t\t\t<div class=\"elementor-widget-wrap\">\n\t\t\t\t\t\t<div class=\"elementor-element elementor-element-388b270 elementor-view-default elementor-widget elementor-widget-icon\" data-id=\"388b270\" data-element_type=\"widget\" data-widget_type=\"icon.default\">\n\t\t\t\t<div class=\"elementor-widget-container\">\n\t\t\t\t\t<div class=\"elementor-icon-wrapper\">\n\t\t\t<a class=\"elementor-icon elementor-animation-pop\" href=\"#main_po1\">\n\t\t\t<i aria-hidden=\"true\" class=\"fas fa-arrow-circle-down\"><\/i>\t\t\t<\/a>\n\t\t<\/div>\n\t\t\t\t<\/div>\n\t\t\t\t<\/div>\n\t\t\t\t\t\t<\/div>\n\t\t\t\t\t<\/div>\n\t\t<\/div>\n\t\t\t\t\t\t\t\t<\/div>\n\t\t\t\t\t<\/div>\n\t\t<\/section>\n\t\t\t\t<section class=\"elementor-section elementor-top-section elementor-element elementor-element-f78ffff elementor-section-boxed elementor-section-height-default elementor-section-height-default\" data-id=\"f78ffff\" data-element_type=\"section\">\n\t\t\t\t\t\t<div class=\"elementor-container elementor-column-gap-wide\">\n\t\t\t\t\t\t\t<div class=\"elementor-row\">\n\t\t\t\t\t<div class=\"elementor-column elementor-col-50 elementor-top-column elementor-element elementor-element-7181ca0\" data-id=\"7181ca0\" data-element_type=\"column\">\n\t\t\t<div class=\"elementor-column-wrap elementor-element-populated\">\n\t\t\t\t\t\t\t<div class=\"elementor-widget-wrap\">\n\t\t\t\t\t\t<div class=\"elementor-element elementor-element-ccd3487 elementor-widget elementor-widget-image\" data-id=\"ccd3487\" data-element_type=\"widget\" data-widget_type=\"image.default\">\n\t\t\t\t<div class=\"elementor-widget-container\">\n\t\t\t\t\t<div class=\"elementor-image\">\n\t\t\t\t\t\t\t\t\t\t<img width=\"780\" height=\"520\" src=\"https:\/\/evenement.lycee-charles-jully.fr\/wp-content\/uploads\/2021\/03\/visio.jpg\" class=\"elementor-animation-pulse attachment-large size-large\" alt=\"\" loading=\"lazy\" srcset=\"https:\/\/evenement.lycee-charles-jully.fr\/wp-content\/uploads\/2021\/03\/visio.jpg 780w, https:\/\/evenement.lycee-charles-jully.fr\/wp-content\/uploads\/2021\/03\/visio-300x200.jpg 300w, https:\/\/evenement.lycee-charles-jully.fr\/wp-content\/uploads\/2021\/03\/visio-768x512.jpg 768w, https:\/\/evenement.lycee-charles-jully.fr\/wp-content\/uploads\/2021\/03\/visio-230x153.jpg 230w, https:\/\/evenement.lycee-charles-jully.fr\/wp-content\/uploads\/2021\/03\/visio-350x233.jpg 350w, https:\/\/evenement.lycee-charles-jully.fr\/wp-content\/uploads\/2021\/03\/visio-480x320.jpg 480w\" sizes=\"(max-width: 780px) 100vw, 780px\" \/>\t\t\t\t\t\t\t\t\t\t\t<\/div>\n\t\t\t\t<\/div>\n\t\t\t\t<\/div>\n\t\t\t\t<div class=\"elementor-element elementor-element-4edf22f elementor-widget elementor-widget-heading\" data-id=\"4edf22f\" data-element_type=\"widget\" data-widget_type=\"heading.default\">\n\t\t\t\t<div class=\"elementor-widget-container\">\n\t\t\t<h3 class=\"elementor-heading-title elementor-size-default\">Planning des visioconf\u00e9rences <\/h3>\t\t<\/div>\n\t\t\t\t<\/div>\n\t\t\t\t<div class=\"elementor-element elementor-element-e008b4b elementor-widget elementor-widget-heading\" data-id=\"e008b4b\" data-element_type=\"widget\" data-widget_type=\"heading.default\">\n\t\t\t\t<div class=\"elementor-widget-container\">\n\t\t\t<h3 class=\"elementor-heading-title elementor-size-default\">pr\u00e9sentation des diff\u00e9rents secteurs d'activit\u00e9s<\/h3>\t\t<\/div>\n\t\t\t\t<\/div>\n\t\t\t\t\t\t<\/div>\n\t\t\t\t\t<\/div>\n\t\t<\/div>\n\t\t\t\t<div class=\"elementor-column elementor-col-50 elementor-top-column elementor-element elementor-element-e856536\" data-id=\"e856536\" data-element_type=\"column\">\n\t\t\t<div class=\"elementor-column-wrap elementor-element-populated\">\n\t\t\t\t\t\t\t<div class=\"elementor-widget-wrap\">\n\t\t\t\t\t\t<div class=\"elementor-element elementor-element-e583ca5 elementor-widget elementor-widget-image\" data-id=\"e583ca5\" data-element_type=\"widget\" data-widget_type=\"image.default\">\n\t\t\t\t<div class=\"elementor-widget-container\">\n\t\t\t\t\t<div class=\"elementor-image\">\n\t\t\t\t\t\t\t\t\t\t\t<a href=\"https:\/\/po-lcj-2021-vie-lyceenne.netlify.app\">\n\t\t\t\t\t\t\t<img width=\"780\" height=\"520\" src=\"https:\/\/evenement.lycee-charles-jully.fr\/wp-content\/uploads\/2021\/01\/Pixabay-travail-commun-1024x660-2.jpg\" class=\"elementor-animation-pulse attachment-large size-large\" alt=\"\" loading=\"lazy\" srcset=\"https:\/\/evenement.lycee-charles-jully.fr\/wp-content\/uploads\/2021\/01\/Pixabay-travail-commun-1024x660-2.jpg 780w, https:\/\/evenement.lycee-charles-jully.fr\/wp-content\/uploads\/2021\/01\/Pixabay-travail-commun-1024x660-2-300x200.jpg 300w, https:\/\/evenement.lycee-charles-jully.fr\/wp-content\/uploads\/2021\/01\/Pixabay-travail-commun-1024x660-2-768x512.jpg 768w, https:\/\/evenement.lycee-charles-jully.fr\/wp-content\/uploads\/2021\/01\/Pixabay-travail-commun-1024x660-2-230x153.jpg 230w, https:\/\/evenement.lycee-charles-jully.fr\/wp-content\/uploads\/2021\/01\/Pixabay-travail-commun-1024x660-2-350x233.jpg 350w, https:\/\/evenement.lycee-charles-jully.fr\/wp-content\/uploads\/2021\/01\/Pixabay-travail-commun-1024x660-2-480x320.jpg 480w\" sizes=\"(max-width: 780px) 100vw, 780px\" \/>\t\t\t\t\t\t\t\t<\/a>\n\t\t\t\t\t\t\t\t\t\t\t<\/div>\n\t\t\t\t<\/div>\n\t\t\t\t<\/div>\n\t\t\t\t<div class=\"elementor-element elementor-element-f3f6f58 elementor-widget elementor-widget-heading\" data-id=\"f3f6f58\" data-element_type=\"widget\" data-widget_type=\"heading.default\">\n\t\t\t\t<div class=\"elementor-widget-container\">\n\t\t\t<h3 class=\"elementor-heading-title elementor-size-default\">La vie lyc\u00e9enne<\/h3>\t\t<\/div>\n\t\t\t\t<\/div>\n\t\t\t\t\t\t<\/div>\n\t\t\t\t\t<\/div>\n\t\t<\/div>\n\t\t\t\t\t\t\t\t<\/div>\n\t\t\t\t\t<\/div>\n\t\t<\/section>\n\t\t\t\t<section class=\"elementor-section elementor-top-section elementor-element elementor-element-09f7ba3 elementor-section-boxed elementor-section-height-default elementor-section-height-default\" data-id=\"09f7ba3\" data-element_type=\"section\">\n\t\t\t\t\t\t<div class=\"elementor-container elementor-column-gap-default\">\n\t\t\t\t\t\t\t<div class=\"elementor-row\">\n\t\t\t\t\t<div class=\"elementor-column elementor-col-100 elementor-top-column elementor-element elementor-element-bbf5de8\" data-id=\"bbf5de8\" data-element_type=\"column\">\n\t\t\t<div class=\"elementor-column-wrap elementor-element-populated\">\n\t\t\t\t\t\t\t<div class=\"elementor-widget-wrap\">\n\t\t\t\t\t\t<div class=\"elementor-element elementor-element-c2c1f12 elementor-view-default elementor-widget elementor-widget-icon\" data-id=\"c2c1f12\" data-element_type=\"widget\" data-widget_type=\"icon.default\">\n\t\t\t\t<div class=\"elementor-widget-container\">\n\t\t\t\t\t<div class=\"elementor-icon-wrapper\">\n\t\t\t<a class=\"elementor-icon elementor-animation-pop\" href=\"#main_po2\">\n\t\t\t<i aria-hidden=\"true\" class=\"fas fa-arrow-circle-down\"><\/i>\t\t\t<\/a>\n\t\t<\/div>\n\t\t\t\t<\/div>\n\t\t\t\t<\/div>\n\t\t\t\t\t\t<\/div>\n\t\t\t\t\t<\/div>\n\t\t<\/div>\n\t\t\t\t\t\t\t\t<\/div>\n\t\t\t\t\t<\/div>\n\t\t<\/section>\n\t\t\t\t<section class=\"elementor-section elementor-top-section elementor-element elementor-element-0d2612a elementor-section-boxed elementor-section-height-default elementor-section-height-default\" data-id=\"0d2612a\" data-element_type=\"section\" id=\"main_po2\">\n\t\t\t\t\t\t<div class=\"elementor-container elementor-column-gap-default\">\n\t\t\t\t\t\t\t<div class=\"elementor-row\">\n\t\t\t\t\t<div class=\"elementor-column elementor-col-33 elementor-top-column elementor-element elementor-element-db8f1b4\" data-id=\"db8f1b4\" data-element_type=\"column\">\n\t\t\t<div class=\"elementor-column-wrap\">\n\t\t\t\t\t\t\t<div class=\"elementor-widget-wrap\">\n\t\t\t\t\t\t\t\t<\/div>\n\t\t\t\t\t<\/div>\n\t\t<\/div>\n\t\t\t\t<div class=\"elementor-column elementor-col-33 elementor-top-column elementor-element elementor-element-d34327a\" data-id=\"d34327a\" data-element_type=\"column\">\n\t\t\t<div class=\"elementor-column-wrap elementor-element-populated\">\n\t\t\t\t\t\t\t<div class=\"elementor-widget-wrap\">\n\t\t\t\t\t\t<div class=\"elementor-element elementor-element-e524271 elementor-widget elementor-widget-image\" data-id=\"e524271\" data-element_type=\"widget\" data-widget_type=\"image.default\">\n\t\t\t\t<div class=\"elementor-widget-container\">\n\t\t\t\t\t<div class=\"elementor-image\">\n\t\t\t\t\t\t\t\t\t\t\t<a href=\"https:\/\/evenement.lycee-charles-jully.fr\/index.php\/plaquette_presentation_lycee\">\n\t\t\t\t\t\t\t<img width=\"780\" height=\"520\" src=\"https:\/\/evenement.lycee-charles-jully.fr\/wp-content\/uploads\/2020\/12\/lycee_portail.png\" class=\"elementor-animation-pulse attachment-large size-large\" alt=\"\" loading=\"lazy\" srcset=\"https:\/\/evenement.lycee-charles-jully.fr\/wp-content\/uploads\/2020\/12\/lycee_portail.png 780w, https:\/\/evenement.lycee-charles-jully.fr\/wp-content\/uploads\/2020\/12\/lycee_portail-300x200.png 300w, https:\/\/evenement.lycee-charles-jully.fr\/wp-content\/uploads\/2020\/12\/lycee_portail-768x512.png 768w, https:\/\/evenement.lycee-charles-jully.fr\/wp-content\/uploads\/2020\/12\/lycee_portail-230x153.png 230w, https:\/\/evenement.lycee-charles-jully.fr\/wp-content\/uploads\/2020\/12\/lycee_portail-350x233.png 350w, https:\/\/evenement.lycee-charles-jully.fr\/wp-content\/uploads\/2020\/12\/lycee_portail-480x320.png 480w\" sizes=\"(max-width: 780px) 100vw, 780px\" \/>\t\t\t\t\t\t\t\t<\/a>\n\t\t\t\t\t\t\t\t\t\t\t<\/div>\n\t\t\t\t<\/div>\n\t\t\t\t<\/div>\n\t\t\t\t<div class=\"elementor-element elementor-element-69f7e6a elementor-widget elementor-widget-heading\" data-id=\"69f7e6a\" data-element_type=\"widget\" data-widget_type=\"heading.default\">\n\t\t\t\t<div class=\"elementor-widget-container\">\n\t\t\t<h3 class=\"elementor-heading-title elementor-size-default\">Pr\u00e9sentation g\u00e9n\u00e9rale du lyc\u00e9e<\/h3>\t\t<\/div>\n\t\t\t\t<\/div>\n\t\t\t\t\t\t<\/div>\n\t\t\t\t\t<\/div>\n\t\t<\/div>\n\t\t\t\t<div class=\"elementor-column elementor-col-33 elementor-top-column elementor-element elementor-element-2cfa6ff\" data-id=\"2cfa6ff\" data-element_type=\"column\">\n\t\t\t<div class=\"elementor-column-wrap\">\n\t\t\t\t\t\t\t<div class=\"elementor-widget-wrap\">\n\t\t\t\t\t\t\t\t<\/div>\n\t\t\t\t\t<\/div>\n\t\t<\/div>\n\t\t\t\t\t\t\t\t<\/div>\n\t\t\t\t\t<\/div>\n\t\t<\/section>\n\t\t\t\t\t\t<\/div>\n\t\t\t\t\t\t<\/div>\n\t\t\t\t\t<\/div>\n\t\t","protected":false},"excerpt":{"rendered":"<p>Lyc\u00e9e Charles Jully Portes ouvertes virtuelles : 15-16-18-19 mars 2021 Pr\u00e9sentation des formations au Lyc\u00e9e Visite virtuelle du lyc\u00e9e Planning des visioconf\u00e9rences pr\u00e9sentation des diff\u00e9rents secteurs d&rsquo;activit\u00e9s La vie lyc\u00e9enne Pr\u00e9sentation g\u00e9n\u00e9rale du lyc\u00e9e<\/p>\n","protected":false},"author":1,"featured_media":0,"parent":0,"menu_order":0,"comment_status":"closed","ping_status":"closed","template":"elementor_header_footer","meta":[],"_links":{"self":[{"href":"https:\/\/evenement.lycee-charles-jully.fr\/index.php\/wp-json\/wp\/v2\/pages\/3684"}],"collection":[{"href":"https:\/\/evenement.lycee-charles-jully.fr\/index.php\/wp-json\/wp\/v2\/pages"}],"about":[{"href":"https:\/\/evenement.lycee-charles-jully.fr\/index.php\/wp-json\/wp\/v2\/types\/page"}],"author":[{"embeddable":true,"href":"https:\/\/evenement.lycee-charles-jully.fr\/index.php\/wp-json\/wp\/v2\/users\/1"}],"replies":[{"embeddable":true,"href":"https:\/\/evenement.lycee-charles-jully.fr\/index.php\/wp-json\/wp\/v2\/comments?post=3684"}],"version-history":[{"count":3,"href":"https:\/\/evenement.lycee-charles-jully.fr\/index.php\/wp-json\/wp\/v2\/pages\/3684\/revisions"}],"predecessor-version":[{"id":6048,"href":"https:\/\/evenement.lycee-charles-jully.fr\/index.php\/wp-json\/wp\/v2\/pages\/3684\/revisions\/6048"}],"wp:attachment":[{"href":"https:\/\/evenement.lycee-charles-jully.fr\/index.php\/wp-json\/wp\/v2\/media?parent=3684"}],"curies":[{"name":"wp","href":"https:\/\/api.w.org\/{rel}","templated":true}]}}