{"id":3758,"date":"2021-01-31T09:07:29","date_gmt":"2021-01-31T08:07:29","guid":{"rendered":"https:\/\/evenement.lycee-charles-jully.fr\/?page_id=3758"},"modified":"2021-03-08T09:45:48","modified_gmt":"2021-03-08T08:45:48","slug":"plaquette_presentation_lycee","status":"publish","type":"page","link":"https:\/\/evenement.lycee-charles-jully.fr\/index.php\/plaquette_presentation_lycee\/","title":{"rendered":"plaquette_presentation_lycee"},"content":{"rendered":"\t\t<div data-elementor-type=\"wp-page\" data-elementor-id=\"3758\" class=\"elementor elementor-3758\" data-elementor-settings=\"[]\">\n\t\t\t\t\t\t<div class=\"elementor-inner\">\n\t\t\t\t\t\t\t<div class=\"elementor-section-wrap\">\n\t\t\t\t\t\t\t<section class=\"elementor-section elementor-top-section elementor-element elementor-element-167904 elementor-section-boxed elementor-section-height-default elementor-section-height-default\" data-id=\"167904\" data-element_type=\"section\">\n\t\t\t\t\t\t<div class=\"elementor-container elementor-column-gap-default\">\n\t\t\t\t\t\t\t<div class=\"elementor-row\">\n\t\t\t\t\t<div class=\"elementor-column elementor-col-100 elementor-top-column elementor-element elementor-element-63bea8c9\" data-id=\"63bea8c9\" data-element_type=\"column\">\n\t\t\t<div class=\"elementor-column-wrap elementor-element-populated\">\n\t\t\t\t\t\t\t<div class=\"elementor-widget-wrap\">\n\t\t\t\t\t\t<div class=\"elementor-element elementor-element-6fc890ae elementor-widget elementor-widget-heading\" data-id=\"6fc890ae\" data-element_type=\"widget\" data-widget_type=\"heading.default\">\n\t\t\t\t<div class=\"elementor-widget-container\">\n\t\t\t<h2 class=\"elementor-heading-title elementor-size-default\">Pr\u00e9sentation g\u00e9n\u00e9rale du lyc\u00e9e :<\/h2>\t\t<\/div>\n\t\t\t\t<\/div>\n\t\t\t\t\t\t<\/div>\n\t\t\t\t\t<\/div>\n\t\t<\/div>\n\t\t\t\t\t\t\t\t<\/div>\n\t\t\t\t\t<\/div>\n\t\t<\/section>\n\t\t\t\t<section class=\"elementor-section elementor-top-section elementor-element elementor-element-544e301 elementor-section-full_width elementor-section-stretched elementor-section-height-default elementor-section-height-default\" data-id=\"544e301\" data-element_type=\"section\" data-settings=\"{&quot;stretch_section&quot;:&quot;section-stretched&quot;}\">\n\t\t\t\t\t\t<div class=\"elementor-container elementor-column-gap-default\">\n\t\t\t\t\t\t\t<div class=\"elementor-row\">\n\t\t\t\t\t<div class=\"elementor-column elementor-col-100 elementor-top-column elementor-element elementor-element-11d7299\" data-id=\"11d7299\" data-element_type=\"column\">\n\t\t\t<div class=\"elementor-column-wrap elementor-element-populated\">\n\t\t\t\t\t\t\t<div class=\"elementor-widget-wrap\">\n\t\t\t\t\t\t<div class=\"elementor-element elementor-element-7eec9cc elementor-widget elementor-widget-shortcode\" data-id=\"7eec9cc\" data-element_type=\"widget\" data-widget_type=\"shortcode.default\">\n\t\t\t\t<div class=\"elementor-widget-container\">\n\t\t\t\n\n\t\t<div class=\"elementor-shortcode\">\n\n<div style=\"position:relative\">\n    \n        \n            <\/div>\n\n<\/div>\n\t\t\t\t<\/div>\n\t\t\t\t<\/div>\n\t\t\t\t\t\t<\/div>\n\t\t\t\t\t<\/div>\n\t\t<\/div>\n\t\t\t\t\t\t\t\t<\/div>\n\t\t\t\t\t<\/div>\n\t\t<\/section>\n\t\t\t\t\t\t<\/div>\n\t\t\t\t\t\t<\/div>\n\t\t\t\t\t<\/div>\n\t\t","protected":false},"excerpt":{"rendered":"<p>Pr\u00e9sentation g\u00e9n\u00e9rale du lyc\u00e9e :<\/p>\n","protected":false},"author":1,"featured_media":0,"parent":0,"menu_order":0,"comment_status":"closed","ping_status":"closed","template":"elementor_header_footer","meta":[],"_links":{"self":[{"href":"https:\/\/evenement.lycee-charles-jully.fr\/index.php\/wp-json\/wp\/v2\/pages\/3758"}],"collection":[{"href":"https:\/\/evenement.lycee-charles-jully.fr\/index.php\/wp-json\/wp\/v2\/pages"}],"about":[{"href":"https:\/\/evenement.lycee-charles-jully.fr\/index.php\/wp-json\/wp\/v2\/types\/page"}],"author":[{"embeddable":true,"href":"https:\/\/evenement.lycee-charles-jully.fr\/index.php\/wp-json\/wp\/v2\/users\/1"}],"replies":[{"embeddable":true,"href":"https:\/\/evenement.lycee-charles-jully.fr\/index.php\/wp-json\/wp\/v2\/comments?post=3758"}],"version-history":[{"count":70,"href":"https:\/\/evenement.lycee-charles-jully.fr\/index.php\/wp-json\/wp\/v2\/pages\/3758\/revisions"}],"predecessor-version":[{"id":5425,"href":"https:\/\/evenement.lycee-charles-jully.fr\/index.php\/wp-json\/wp\/v2\/pages\/3758\/revisions\/5425"}],"wp:attachment":[{"href":"https:\/\/evenement.lycee-charles-jully.fr\/index.php\/wp-json\/wp\/v2\/media?parent=3758"}],"curies":[{"name":"wp","href":"https:\/\/api.w.org\/{rel}","templated":true}]}}