{"id":4507,"date":"2021-02-11T20:42:32","date_gmt":"2021-02-11T19:42:32","guid":{"rendered":"https:\/\/evenement.lycee-charles-jully.fr\/?page_id=4507"},"modified":"2021-02-11T21:11:17","modified_gmt":"2021-02-11T20:11:17","slug":"plaquette_eps","status":"publish","type":"page","link":"https:\/\/evenement.lycee-charles-jully.fr\/index.php\/plaquette_eps\/","title":{"rendered":"plaquette_eps"},"content":{"rendered":"\t\t<div data-elementor-type=\"wp-page\" data-elementor-id=\"4507\" class=\"elementor elementor-4507\" data-elementor-settings=\"[]\">\n\t\t\t\t\t\t<div class=\"elementor-inner\">\n\t\t\t\t\t\t\t<div class=\"elementor-section-wrap\">\n\t\t\t\t\t\t\t<section class=\"elementor-section elementor-top-section elementor-element elementor-element-31e7ffb elementor-section-boxed elementor-section-height-default elementor-section-height-default\" data-id=\"31e7ffb\" data-element_type=\"section\">\n\t\t\t\t\t\t<div class=\"elementor-container elementor-column-gap-default\">\n\t\t\t\t\t\t\t<div class=\"elementor-row\">\n\t\t\t\t\t<div class=\"elementor-column elementor-col-100 elementor-top-column elementor-element elementor-element-d7c702f\" data-id=\"d7c702f\" data-element_type=\"column\">\n\t\t\t<div class=\"elementor-column-wrap elementor-element-populated\">\n\t\t\t\t\t\t\t<div class=\"elementor-widget-wrap\">\n\t\t\t\t\t\t<div class=\"elementor-element elementor-element-9bf1acf elementor-widget elementor-widget-heading\" data-id=\"9bf1acf\" data-element_type=\"widget\" data-widget_type=\"heading.default\">\n\t\t\t\t<div class=\"elementor-widget-container\">\n\t\t\t<h2 class=\"elementor-heading-title elementor-size-default\">EDUCATION PHYSIQUE ET SPORTIVE:<\/h2>\t\t<\/div>\n\t\t\t\t<\/div>\n\t\t\t\t\t\t<\/div>\n\t\t\t\t\t<\/div>\n\t\t<\/div>\n\t\t\t\t\t\t\t\t<\/div>\n\t\t\t\t\t<\/div>\n\t\t<\/section>\n\t\t\t\t<section class=\"elementor-section elementor-top-section elementor-element elementor-element-b125447 elementor-section-boxed elementor-section-height-default elementor-section-height-default\" data-id=\"b125447\" data-element_type=\"section\">\n\t\t\t\t\t\t<div class=\"elementor-container elementor-column-gap-default\">\n\t\t\t\t\t\t\t<div class=\"elementor-row\">\n\t\t\t\t\t<div class=\"elementor-column elementor-col-100 elementor-top-column elementor-element elementor-element-ae2b9e3\" data-id=\"ae2b9e3\" data-element_type=\"column\">\n\t\t\t<div class=\"elementor-column-wrap elementor-element-populated\">\n\t\t\t\t\t\t\t<div class=\"elementor-widget-wrap\">\n\t\t\t\t\t\t<div class=\"elementor-element elementor-element-3c918a1 elementor-widget elementor-widget-spacer\" data-id=\"3c918a1\" data-element_type=\"widget\" data-widget_type=\"spacer.default\">\n\t\t\t\t<div class=\"elementor-widget-container\">\n\t\t\t\t\t<div class=\"elementor-spacer\">\n\t\t\t<div class=\"elementor-spacer-inner\"><\/div>\n\t\t<\/div>\n\t\t\t\t<\/div>\n\t\t\t\t<\/div>\n\t\t\t\t\t\t<\/div>\n\t\t\t\t\t<\/div>\n\t\t<\/div>\n\t\t\t\t\t\t\t\t<\/div>\n\t\t\t\t\t<\/div>\n\t\t<\/section>\n\t\t\t\t<section class=\"elementor-section elementor-top-section elementor-element elementor-element-c3b1a18 elementor-section-boxed elementor-section-height-default elementor-section-height-default\" data-id=\"c3b1a18\" data-element_type=\"section\">\n\t\t\t\t\t\t<div class=\"elementor-container elementor-column-gap-default\">\n\t\t\t\t\t\t\t<div class=\"elementor-row\">\n\t\t\t\t\t<div class=\"elementor-column elementor-col-100 elementor-top-column elementor-element elementor-element-b7d371a\" data-id=\"b7d371a\" data-element_type=\"column\">\n\t\t\t<div class=\"elementor-column-wrap elementor-element-populated\">\n\t\t\t\t\t\t\t<div class=\"elementor-widget-wrap\">\n\t\t\t\t\t\t<div class=\"elementor-element elementor-element-b8d018c elementor-widget elementor-widget-image\" data-id=\"b8d018c\" data-element_type=\"widget\" data-widget_type=\"image.default\">\n\t\t\t\t<div class=\"elementor-widget-container\">\n\t\t\t\t\t<div class=\"elementor-image\">\n\t\t\t\t\t\t\t\t\t\t<img width=\"478\" height=\"240\" src=\"https:\/\/evenement.lycee-charles-jully.fr\/wp-content\/uploads\/2021\/02\/Sans-titre.jpg\" class=\"attachment-large size-large\" alt=\"\" loading=\"lazy\" srcset=\"https:\/\/evenement.lycee-charles-jully.fr\/wp-content\/uploads\/2021\/02\/Sans-titre.jpg 478w, https:\/\/evenement.lycee-charles-jully.fr\/wp-content\/uploads\/2021\/02\/Sans-titre-300x151.jpg 300w, https:\/\/evenement.lycee-charles-jully.fr\/wp-content\/uploads\/2021\/02\/Sans-titre-230x115.jpg 230w, https:\/\/evenement.lycee-charles-jully.fr\/wp-content\/uploads\/2021\/02\/Sans-titre-350x176.jpg 350w\" sizes=\"(max-width: 478px) 100vw, 478px\" \/>\t\t\t\t\t\t\t\t\t\t\t<\/div>\n\t\t\t\t<\/div>\n\t\t\t\t<\/div>\n\t\t\t\t\t\t<\/div>\n\t\t\t\t\t<\/div>\n\t\t<\/div>\n\t\t\t\t\t\t\t\t<\/div>\n\t\t\t\t\t<\/div>\n\t\t<\/section>\n\t\t\t\t<section class=\"elementor-section elementor-top-section elementor-element elementor-element-0939f28 elementor-section-boxed elementor-section-height-default elementor-section-height-default\" data-id=\"0939f28\" data-element_type=\"section\">\n\t\t\t\t\t\t<div class=\"elementor-container elementor-column-gap-default\">\n\t\t\t\t\t\t\t<div class=\"elementor-row\">\n\t\t\t\t\t<div class=\"elementor-column elementor-col-100 elementor-top-column elementor-element elementor-element-a0fc6be\" data-id=\"a0fc6be\" data-element_type=\"column\">\n\t\t\t<div class=\"elementor-column-wrap elementor-element-populated\">\n\t\t\t\t\t\t\t<div class=\"elementor-widget-wrap\">\n\t\t\t\t\t\t<div class=\"elementor-element elementor-element-60ce2d6 elementor-widget elementor-widget-spacer\" data-id=\"60ce2d6\" data-element_type=\"widget\" data-widget_type=\"spacer.default\">\n\t\t\t\t<div class=\"elementor-widget-container\">\n\t\t\t\t\t<div class=\"elementor-spacer\">\n\t\t\t<div class=\"elementor-spacer-inner\"><\/div>\n\t\t<\/div>\n\t\t\t\t<\/div>\n\t\t\t\t<\/div>\n\t\t\t\t\t\t<\/div>\n\t\t\t\t\t<\/div>\n\t\t<\/div>\n\t\t\t\t\t\t\t\t<\/div>\n\t\t\t\t\t<\/div>\n\t\t<\/section>\n\t\t\t\t<section class=\"elementor-section elementor-top-section elementor-element elementor-element-ba9e922 elementor-section-boxed elementor-section-height-default elementor-section-height-default\" data-id=\"ba9e922\" data-element_type=\"section\">\n\t\t\t\t\t\t<div class=\"elementor-container elementor-column-gap-default\">\n\t\t\t\t\t\t\t<div class=\"elementor-row\">\n\t\t\t\t\t<div class=\"elementor-column elementor-col-100 elementor-top-column elementor-element elementor-element-8ad934d\" data-id=\"8ad934d\" data-element_type=\"column\">\n\t\t\t<div class=\"elementor-column-wrap elementor-element-populated\">\n\t\t\t\t\t\t\t<div class=\"elementor-widget-wrap\">\n\t\t\t\t\t\t<div class=\"elementor-element elementor-element-acb75a7 elementor-widget elementor-widget-heading\" data-id=\"acb75a7\" data-element_type=\"widget\" data-widget_type=\"heading.default\">\n\t\t\t\t<div class=\"elementor-widget-container\">\n\t\t\t<h2 class=\"elementor-heading-title elementor-size-default\">L\u2019EPS AU LGT CHARLES JULLY<\/h2>\t\t<\/div>\n\t\t\t\t<\/div>\n\t\t\t\t\t\t<\/div>\n\t\t\t\t\t<\/div>\n\t\t<\/div>\n\t\t\t\t\t\t\t\t<\/div>\n\t\t\t\t\t<\/div>\n\t\t<\/section>\n\t\t\t\t<section class=\"elementor-section elementor-top-section elementor-element elementor-element-a7030bb elementor-section-boxed elementor-section-height-default elementor-section-height-default\" data-id=\"a7030bb\" data-element_type=\"section\">\n\t\t\t\t\t\t<div class=\"elementor-container elementor-column-gap-default\">\n\t\t\t\t\t\t\t<div class=\"elementor-row\">\n\t\t\t\t\t<div class=\"elementor-column elementor-col-100 elementor-top-column elementor-element elementor-element-5fadb8b\" data-id=\"5fadb8b\" data-element_type=\"column\">\n\t\t\t<div class=\"elementor-column-wrap elementor-element-populated\">\n\t\t\t\t\t\t\t<div class=\"elementor-widget-wrap\">\n\t\t\t\t\t\t<div class=\"elementor-element elementor-element-48efdd5 elementor-widget elementor-widget-text-editor\" data-id=\"48efdd5\" data-element_type=\"widget\" data-widget_type=\"text-editor.default\">\n\t\t\t\t<div class=\"elementor-widget-container\">\n\t\t\t\t\t<div class=\"elementor-text-editor elementor-clearfix\"><p><strong><u>EN CLASSE DE SECONDE\u00a0:<\/u><\/strong><\/p><p>Les \u00e9l\u00e8ves sont engag\u00e9s sur 3 cycles d\u2019activit\u00e9s.<\/p><p>Les activit\u00e9s propos\u00e9es sont g\u00e9n\u00e9ralement les suivantes\u00a0:<\/p><ul><li>Cr\u00e9ation Artistique<\/li><li>Tennis de Table<\/li><li>Course de Relais 2x50m<\/li><\/ul><div>\u00a0<\/div><p><strong><u>EN CLASSE DE PREMIERE ET DE TERMINALE\u00a0:<\/u><\/strong><\/p><p>Les \u00e9l\u00e8ves choisissent un menu compos\u00e9 de 3 activit\u00e9s.<\/p><p>Les activit\u00e9s propos\u00e9es sont les suivantes\u00a0:<\/p><ul><li>Activit\u00e9s athl\u00e9tiques\u00a0: Course de Demi-fond (3X500m en 1\u00e8re et 2X800m en terminale), Combin\u00e9 athl\u00e9tique (Lancer de poids, Sprint sur 50m et Saut en longueur) et Course de Relais 4X50m (terminale seulement)<\/li><\/ul><ul><li>Activit\u00e9s d\u2019opposition duelle et collective\u00a0: Tennis de Table, Badminton, Volley-ball<\/li><\/ul><ul><li>Acrosport<\/li><li>Activit\u00e9 d\u2019entretien de soi\u00a0: Musculation<\/li><\/ul><p>Pour le BAC, l\u2019EPS fait partie des \u00e9valuations communes et poss\u00e8de un coefficient de 5.<\/p><\/div>\n\t\t\t\t<\/div>\n\t\t\t\t<\/div>\n\t\t\t\t\t\t<\/div>\n\t\t\t\t\t<\/div>\n\t\t<\/div>\n\t\t\t\t\t\t\t\t<\/div>\n\t\t\t\t\t<\/div>\n\t\t<\/section>\n\t\t\t\t<section class=\"elementor-section elementor-top-section elementor-element elementor-element-6fa3ab6 elementor-section-boxed elementor-section-height-default elementor-section-height-default\" data-id=\"6fa3ab6\" data-element_type=\"section\">\n\t\t\t\t\t\t<div class=\"elementor-container elementor-column-gap-default\">\n\t\t\t\t\t\t\t<div class=\"elementor-row\">\n\t\t\t\t\t<div class=\"elementor-column elementor-col-100 elementor-top-column elementor-element elementor-element-cc779c3\" data-id=\"cc779c3\" data-element_type=\"column\">\n\t\t\t<div class=\"elementor-column-wrap elementor-element-populated\">\n\t\t\t\t\t\t\t<div class=\"elementor-widget-wrap\">\n\t\t\t\t\t\t<div class=\"elementor-element elementor-element-16a2938 elementor-widget elementor-widget-spacer\" data-id=\"16a2938\" data-element_type=\"widget\" data-widget_type=\"spacer.default\">\n\t\t\t\t<div class=\"elementor-widget-container\">\n\t\t\t\t\t<div class=\"elementor-spacer\">\n\t\t\t<div class=\"elementor-spacer-inner\"><\/div>\n\t\t<\/div>\n\t\t\t\t<\/div>\n\t\t\t\t<\/div>\n\t\t\t\t\t\t<\/div>\n\t\t\t\t\t<\/div>\n\t\t<\/div>\n\t\t\t\t\t\t\t\t<\/div>\n\t\t\t\t\t<\/div>\n\t\t<\/section>\n\t\t\t\t<section class=\"elementor-section elementor-top-section elementor-element elementor-element-39a8033 elementor-section-boxed elementor-section-height-default elementor-section-height-default\" data-id=\"39a8033\" data-element_type=\"section\">\n\t\t\t\t\t\t<div class=\"elementor-container elementor-column-gap-default\">\n\t\t\t\t\t\t\t<div class=\"elementor-row\">\n\t\t\t\t\t<div class=\"elementor-column elementor-col-100 elementor-top-column elementor-element elementor-element-a507f71\" data-id=\"a507f71\" data-element_type=\"column\">\n\t\t\t<div class=\"elementor-column-wrap elementor-element-populated\">\n\t\t\t\t\t\t\t<div class=\"elementor-widget-wrap\">\n\t\t\t\t\t\t<div class=\"elementor-element elementor-element-7c71dd1 elementor-widget elementor-widget-heading\" data-id=\"7c71dd1\" data-element_type=\"widget\" data-widget_type=\"heading.default\">\n\t\t\t\t<div class=\"elementor-widget-container\">\n\t\t\t<h2 class=\"elementor-heading-title elementor-size-default\">L\u2019EPS A LA SEP DU LYCEE CHARLES JULLY<\/h2>\t\t<\/div>\n\t\t\t\t<\/div>\n\t\t\t\t\t\t<\/div>\n\t\t\t\t\t<\/div>\n\t\t<\/div>\n\t\t\t\t\t\t\t\t<\/div>\n\t\t\t\t\t<\/div>\n\t\t<\/section>\n\t\t\t\t<section class=\"elementor-section elementor-top-section elementor-element elementor-element-b74bbdb elementor-section-boxed elementor-section-height-default elementor-section-height-default\" data-id=\"b74bbdb\" data-element_type=\"section\">\n\t\t\t\t\t\t<div class=\"elementor-container elementor-column-gap-default\">\n\t\t\t\t\t\t\t<div class=\"elementor-row\">\n\t\t\t\t\t<div class=\"elementor-column elementor-col-100 elementor-top-column elementor-element elementor-element-f617aa7\" data-id=\"f617aa7\" data-element_type=\"column\">\n\t\t\t<div class=\"elementor-column-wrap elementor-element-populated\">\n\t\t\t\t\t\t\t<div class=\"elementor-widget-wrap\">\n\t\t\t\t\t\t<div class=\"elementor-element elementor-element-5e43a4d elementor-widget elementor-widget-text-editor\" data-id=\"5e43a4d\" data-element_type=\"widget\" data-widget_type=\"text-editor.default\">\n\t\t\t\t<div class=\"elementor-widget-container\">\n\t\t\t\t\t<div class=\"elementor-text-editor elementor-clearfix\"><p>L\u2019accent est mis sur les activit\u00e9s d\u2019entretien de soi, \u00e0 savoir la musculation.<\/p><p>Mais d\u2019autres activit\u00e9s font partie du parcours des \u00e9l\u00e8ves\u00a0:<\/p><ul><li>Combin\u00e9 athl\u00e9tique<\/li><li>Tennis de table, Badminton, Volley-ball, Basket-ball<\/li><\/ul><\/div>\n\t\t\t\t<\/div>\n\t\t\t\t<\/div>\n\t\t\t\t\t\t<\/div>\n\t\t\t\t\t<\/div>\n\t\t<\/div>\n\t\t\t\t\t\t\t\t<\/div>\n\t\t\t\t\t<\/div>\n\t\t<\/section>\n\t\t\t\t<section class=\"elementor-section elementor-top-section elementor-element elementor-element-464e4c8 elementor-section-boxed elementor-section-height-default elementor-section-height-default\" data-id=\"464e4c8\" data-element_type=\"section\">\n\t\t\t\t\t\t<div class=\"elementor-container elementor-column-gap-default\">\n\t\t\t\t\t\t\t<div class=\"elementor-row\">\n\t\t\t\t\t<div class=\"elementor-column elementor-col-100 elementor-top-column elementor-element elementor-element-f40aff6\" data-id=\"f40aff6\" data-element_type=\"column\">\n\t\t\t<div class=\"elementor-column-wrap elementor-element-populated\">\n\t\t\t\t\t\t\t<div class=\"elementor-widget-wrap\">\n\t\t\t\t\t\t<div class=\"elementor-element elementor-element-6dd776d elementor-widget elementor-widget-spacer\" data-id=\"6dd776d\" data-element_type=\"widget\" data-widget_type=\"spacer.default\">\n\t\t\t\t<div class=\"elementor-widget-container\">\n\t\t\t\t\t<div class=\"elementor-spacer\">\n\t\t\t<div class=\"elementor-spacer-inner\"><\/div>\n\t\t<\/div>\n\t\t\t\t<\/div>\n\t\t\t\t<\/div>\n\t\t\t\t\t\t<\/div>\n\t\t\t\t\t<\/div>\n\t\t<\/div>\n\t\t\t\t\t\t\t\t<\/div>\n\t\t\t\t\t<\/div>\n\t\t<\/section>\n\t\t\t\t<section class=\"elementor-section elementor-top-section elementor-element elementor-element-260ab1b elementor-section-boxed elementor-section-height-default elementor-section-height-default\" data-id=\"260ab1b\" data-element_type=\"section\">\n\t\t\t\t\t\t<div class=\"elementor-container elementor-column-gap-default\">\n\t\t\t\t\t\t\t<div class=\"elementor-row\">\n\t\t\t\t\t<div class=\"elementor-column elementor-col-100 elementor-top-column elementor-element elementor-element-c56db26\" data-id=\"c56db26\" data-element_type=\"column\">\n\t\t\t<div class=\"elementor-column-wrap elementor-element-populated\">\n\t\t\t\t\t\t\t<div class=\"elementor-widget-wrap\">\n\t\t\t\t\t\t<div class=\"elementor-element elementor-element-3eef56d elementor-widget elementor-widget-heading\" data-id=\"3eef56d\" data-element_type=\"widget\" data-widget_type=\"heading.default\">\n\t\t\t\t<div class=\"elementor-widget-container\">\n\t\t\t<h2 class=\"elementor-heading-title elementor-size-default\">SECTION SPORTIVE<\/h2>\t\t<\/div>\n\t\t\t\t<\/div>\n\t\t\t\t\t\t<\/div>\n\t\t\t\t\t<\/div>\n\t\t<\/div>\n\t\t\t\t\t\t\t\t<\/div>\n\t\t\t\t\t<\/div>\n\t\t<\/section>\n\t\t\t\t<section class=\"elementor-section elementor-top-section elementor-element elementor-element-46a4cd3 elementor-section-boxed elementor-section-height-default elementor-section-height-default\" data-id=\"46a4cd3\" data-element_type=\"section\">\n\t\t\t\t\t\t<div class=\"elementor-container elementor-column-gap-default\">\n\t\t\t\t\t\t\t<div class=\"elementor-row\">\n\t\t\t\t\t<div class=\"elementor-column elementor-col-100 elementor-top-column elementor-element elementor-element-1e926fd\" data-id=\"1e926fd\" data-element_type=\"column\">\n\t\t\t<div class=\"elementor-column-wrap elementor-element-populated\">\n\t\t\t\t\t\t\t<div class=\"elementor-widget-wrap\">\n\t\t\t\t\t\t<div class=\"elementor-element elementor-element-3160c65 elementor-widget elementor-widget-text-editor\" data-id=\"3160c65\" data-element_type=\"widget\" data-widget_type=\"text-editor.default\">\n\t\t\t\t<div class=\"elementor-widget-container\">\n\t\t\t\t\t<div class=\"elementor-text-editor elementor-clearfix\"><p>Ouverture d\u2019une section sportive HANDBALL au lyc\u00e9e CHARLES JULLY \u00e0 la rentr\u00e9e scolaire de septembre 2021.<\/p><p>Les \u00e9l\u00e8ves du lyc\u00e9e pourront postuler pour faire partie de la section sportive d\u00e8s la rentr\u00e9e sous condition de pratique en club.<\/p><p>Un dossier d\u2019inscription est \u00e0 retirer au secr\u00e9tariat du lyc\u00e9e et une journ\u00e9e de s\u00e9lection sera organis\u00e9e au 3<sup>\u00e8me<\/sup> trimestre. (avril-mai).<\/p><p>L\u2019emploi du temps de la classe sera am\u00e9nag\u00e9 pour permettre les entra\u00eenements les mardis et jeudis de 15 heures \u00e0 17heures. Les comp\u00e9titions auront lieu les mercredis apr\u00e8s-midi.<\/p><p>N\u2019h\u00e9sitez pas \u00e0 prendre contact avec un professeur EPS pour de plus amples informations.<\/p><\/div>\n\t\t\t\t<\/div>\n\t\t\t\t<\/div>\n\t\t\t\t\t\t<\/div>\n\t\t\t\t\t<\/div>\n\t\t<\/div>\n\t\t\t\t\t\t\t\t<\/div>\n\t\t\t\t\t<\/div>\n\t\t<\/section>\n\t\t\t\t<section class=\"elementor-section elementor-top-section elementor-element elementor-element-62d62a4 elementor-section-boxed elementor-section-height-default elementor-section-height-default\" data-id=\"62d62a4\" data-element_type=\"section\">\n\t\t\t\t\t\t<div class=\"elementor-container elementor-column-gap-default\">\n\t\t\t\t\t\t\t<div class=\"elementor-row\">\n\t\t\t\t\t<div class=\"elementor-column elementor-col-100 elementor-top-column elementor-element elementor-element-aa4fb76\" data-id=\"aa4fb76\" data-element_type=\"column\">\n\t\t\t<div class=\"elementor-column-wrap elementor-element-populated\">\n\t\t\t\t\t\t\t<div class=\"elementor-widget-wrap\">\n\t\t\t\t\t\t<div class=\"elementor-element elementor-element-18eb48c elementor-widget elementor-widget-spacer\" data-id=\"18eb48c\" data-element_type=\"widget\" data-widget_type=\"spacer.default\">\n\t\t\t\t<div class=\"elementor-widget-container\">\n\t\t\t\t\t<div class=\"elementor-spacer\">\n\t\t\t<div class=\"elementor-spacer-inner\"><\/div>\n\t\t<\/div>\n\t\t\t\t<\/div>\n\t\t\t\t<\/div>\n\t\t\t\t\t\t<\/div>\n\t\t\t\t\t<\/div>\n\t\t<\/div>\n\t\t\t\t\t\t\t\t<\/div>\n\t\t\t\t\t<\/div>\n\t\t<\/section>\n\t\t\t\t<section class=\"elementor-section elementor-top-section elementor-element elementor-element-dd73a28 elementor-section-boxed elementor-section-height-default elementor-section-height-default\" data-id=\"dd73a28\" data-element_type=\"section\">\n\t\t\t\t\t\t<div class=\"elementor-container elementor-column-gap-default\">\n\t\t\t\t\t\t\t<div class=\"elementor-row\">\n\t\t\t\t\t<div class=\"elementor-column elementor-col-100 elementor-top-column elementor-element elementor-element-a9b06f9\" data-id=\"a9b06f9\" data-element_type=\"column\">\n\t\t\t<div class=\"elementor-column-wrap elementor-element-populated\">\n\t\t\t\t\t\t\t<div class=\"elementor-widget-wrap\">\n\t\t\t\t\t\t<div class=\"elementor-element elementor-element-bbb0daf elementor-widget elementor-widget-heading\" data-id=\"bbb0daf\" data-element_type=\"widget\" data-widget_type=\"heading.default\">\n\t\t\t\t<div class=\"elementor-widget-container\">\n\t\t\t<h2 class=\"elementor-heading-title elementor-size-default\">L\u2019ASSOCIATION SPORTIVE DU LYCEE CHARLES JULLY<\/h2>\t\t<\/div>\n\t\t\t\t<\/div>\n\t\t\t\t\t\t<\/div>\n\t\t\t\t\t<\/div>\n\t\t<\/div>\n\t\t\t\t\t\t\t\t<\/div>\n\t\t\t\t\t<\/div>\n\t\t<\/section>\n\t\t\t\t<section class=\"elementor-section elementor-top-section elementor-element elementor-element-03e68e7 elementor-section-boxed elementor-section-height-default elementor-section-height-default\" data-id=\"03e68e7\" data-element_type=\"section\">\n\t\t\t\t\t\t<div class=\"elementor-container elementor-column-gap-default\">\n\t\t\t\t\t\t\t<div class=\"elementor-row\">\n\t\t\t\t\t<div class=\"elementor-column elementor-col-100 elementor-top-column elementor-element elementor-element-a10129f\" data-id=\"a10129f\" data-element_type=\"column\">\n\t\t\t<div class=\"elementor-column-wrap elementor-element-populated\">\n\t\t\t\t\t\t\t<div class=\"elementor-widget-wrap\">\n\t\t\t\t\t\t<div class=\"elementor-element elementor-element-de0212e elementor-widget elementor-widget-text-editor\" data-id=\"de0212e\" data-element_type=\"widget\" data-widget_type=\"text-editor.default\">\n\t\t\t\t<div class=\"elementor-widget-container\">\n\t\t\t\t\t<div class=\"elementor-text-editor elementor-clearfix\"><p>L\u2019AS du Lyc\u00e9e propose aux \u00e9l\u00e8ves des cr\u00e9neaux d\u2019entrainement du Lundi au Jeudi soir apr\u00e8s les cours.<\/p><p>Les activit\u00e9s propos\u00e9es sont la Musculation, le CrossFit ainsi que des sports de raquette (Badminton et Tennis de table)<\/p><p>De plus le lyc\u00e9e participe activement \u00e0 diff\u00e9rentes comp\u00e9titions UNSS le mercredi apr\u00e8s-midi. Chaque ann\u00e9e nous engageons des \u00e9quipes de Futsal, de Foot \u00e0 7, d\u2019athl\u00e9tisme, de Badminton, voire d\u2019autres activit\u00e9s selon les demandes.<\/p><\/div>\n\t\t\t\t<\/div>\n\t\t\t\t<\/div>\n\t\t\t\t\t\t<\/div>\n\t\t\t\t\t<\/div>\n\t\t<\/div>\n\t\t\t\t\t\t\t\t<\/div>\n\t\t\t\t\t<\/div>\n\t\t<\/section>\n\t\t\t\t\t\t<\/div>\n\t\t\t\t\t\t<\/div>\n\t\t\t\t\t<\/div>\n\t\t","protected":false},"excerpt":{"rendered":"<p>EDUCATION PHYSIQUE ET SPORTIVE: L\u2019EPS AU LGT CHARLES JULLY EN CLASSE DE SECONDE\u00a0: Les \u00e9l\u00e8ves sont engag\u00e9s sur 3 cycles d\u2019activit\u00e9s. Les activit\u00e9s propos\u00e9es sont g\u00e9n\u00e9ralement les suivantes\u00a0: Cr\u00e9ation Artistique Tennis de Table Course de Relais 2x50m \u00a0 EN CLASSE DE PREMIERE ET DE TERMINALE\u00a0: Les \u00e9l\u00e8ves choisissent un menu compos\u00e9 de 3 activit\u00e9s. Les [&hellip;]<\/p>\n","protected":false},"author":1,"featured_media":0,"parent":0,"menu_order":0,"comment_status":"closed","ping_status":"closed","template":"elementor_header_footer","meta":[],"_links":{"self":[{"href":"https:\/\/evenement.lycee-charles-jully.fr\/index.php\/wp-json\/wp\/v2\/pages\/4507"}],"collection":[{"href":"https:\/\/evenement.lycee-charles-jully.fr\/index.php\/wp-json\/wp\/v2\/pages"}],"about":[{"href":"https:\/\/evenement.lycee-charles-jully.fr\/index.php\/wp-json\/wp\/v2\/types\/page"}],"author":[{"embeddable":true,"href":"https:\/\/evenement.lycee-charles-jully.fr\/index.php\/wp-json\/wp\/v2\/users\/1"}],"replies":[{"embeddable":true,"href":"https:\/\/evenement.lycee-charles-jully.fr\/index.php\/wp-json\/wp\/v2\/comments?post=4507"}],"version-history":[{"count":4,"href":"https:\/\/evenement.lycee-charles-jully.fr\/index.php\/wp-json\/wp\/v2\/pages\/4507\/revisions"}],"predecessor-version":[{"id":4513,"href":"https:\/\/evenement.lycee-charles-jully.fr\/index.php\/wp-json\/wp\/v2\/pages\/4507\/revisions\/4513"}],"wp:attachment":[{"href":"https:\/\/evenement.lycee-charles-jully.fr\/index.php\/wp-json\/wp\/v2\/media?parent=4507"}],"curies":[{"name":"wp","href":"https:\/\/api.w.org\/{rel}","templated":true}]}}